{"id":32307,"date":"2025-05-10T22:08:34","date_gmt":"2025-05-10T22:08:34","guid":{"rendered":"https:\/\/medianhire.com\/?post_type=product&#038;p=32307"},"modified":"2025-05-10T22:19:13","modified_gmt":"2025-05-10T22:19:13","slug":"caftan-marocain-dore-elegance-tradition","status":"publish","type":"product","link":"https:\/\/medianhire.com\/fr\/produit\/caftan-marocain-dore-elegance-tradition\/","title":{"rendered":"Caftan Marocain Dor\u00e9 \u2013 \u00c9l\u00e9gance &#038; Tradition"},"content":{"rendered":"","protected":false},"excerpt":{"rendered":"<p>Sublime caftan marocain au style raffin\u00e9, id\u00e9al pour les occasions sp\u00e9ciales comme les henn\u00e9s, mariages ou soir\u00e9es \u00e9l\u00e9gantes. Confectionn\u00e9 dans un tissu fluide avec de belles finitions dor\u00e9es, il allie tradition et modernit\u00e9 avec gr\u00e2ce.<\/p>\n","protected":false},"featured_media":32305,"comment_status":"open","ping_status":"closed","template":"","meta":{"iawp_total_views":30},"product_brand":[],"product_cat":[1348],"product_tag":[],"class_list":{"0":"post-32307","1":"product","2":"type-product","3":"status-publish","4":"has-post-thumbnail","6":"product_cat-fashion-fr","8":"first","9":"instock","10":"sale","11":"taxable","12":"shipping-taxable","13":"purchasable","14":"product-type-simple"},"_links":{"self":[{"href":"https:\/\/medianhire.com\/fr\/wp-json\/wp\/v2\/product\/32307","targetHints":{"allow":["GET"]}}],"collection":[{"href":"https:\/\/medianhire.com\/fr\/wp-json\/wp\/v2\/product"}],"about":[{"href":"https:\/\/medianhire.com\/fr\/wp-json\/wp\/v2\/types\/product"}],"replies":[{"embeddable":true,"href":"https:\/\/medianhire.com\/fr\/wp-json\/wp\/v2\/comments?post=32307"}],"wp:featuredmedia":[{"embeddable":true,"href":"https:\/\/medianhire.com\/fr\/wp-json\/wp\/v2\/media\/32305"}],"wp:attachment":[{"href":"https:\/\/medianhire.com\/fr\/wp-json\/wp\/v2\/media?parent=32307"}],"wp:term":[{"taxonomy":"product_brand","embeddable":true,"href":"https:\/\/medianhire.com\/fr\/wp-json\/wp\/v2\/product_brand?post=32307"},{"taxonomy":"product_cat","embeddable":true,"href":"https:\/\/medianhire.com\/fr\/wp-json\/wp\/v2\/product_cat?post=32307"},{"taxonomy":"product_tag","embeddable":true,"href":"https:\/\/medianhire.com\/fr\/wp-json\/wp\/v2\/product_tag?post=32307"}],"curies":[{"name":"wp","href":"https:\/\/api.w.org\/{rel}","templated":true}]}}