{"id":31127,"date":"2024-08-26T18:39:05","date_gmt":"2024-08-26T18:39:05","guid":{"rendered":"https:\/\/medianhire.com\/product\/la-collection-de-mini-sacs-benchrif\/"},"modified":"2024-08-26T18:39:05","modified_gmt":"2024-08-26T18:39:05","slug":"la-collection-de-mini-sacs-benchrif","status":"publish","type":"product","link":"https:\/\/medianhire.com\/fr\/produit\/la-collection-de-mini-sacs-benchrif\/","title":{"rendered":"La collection de mini sacs Benchrif"},"content":{"rendered":"<div class=\"flex-shrink-0 flex flex-col relative items-end\">\n<div>\n<div class=\"pt-0\">\n<div class=\"gizmo-bot-avatar flex h-8 w-8 items-center justify-center overflow-hidden rounded-full\">\n<div class=\"relative p-1 rounded-sm flex items-center justify-center bg-token-main-surface-primary text-token-text-primary h-8 w-8\"><strong style=\"font-family: var(--mt-font__main); font-size: 1rem;\">D\u00e9couvrez l\u2019essence de l\u2019artisanat marocain avec la collection de mini sacs Benchrif.<\/strong><span style=\"font-family: var(--mt-font__main); font-size: 1rem;\">  Chaque sac est le reflet des techniques de broderie marocaines traditionnelles, avec des motifs complexes et des couleurs vives qui rendent chaque pi\u00e8ce unique.<br \/>\nCes mini-sacs sont con\u00e7us pour transporter vos essentiels avec style tout en offrant un accessoire compact et pratique qui rehausse n\u2019importe quelle tenue avec une touche de style marocain. <\/span><\/div>\n<\/div>\n<\/div>\n<\/div>\n<\/div>\n<div class=\"group\/conversation-turn relative flex w-full min-w-0 flex-col agent-turn\">\n<div class=\"flex-col gap-1 md:gap-3\">\n<div class=\"flex max-w-full flex-col flex-grow\">\n<div class=\"min-h-[20px] text-message flex w-full flex-col items-end gap-2 break-words [.text-message+&amp;]:mt-5 overflow-x-auto whitespace-normal\" dir=\"auto\" data-message-author-role=\"assistant\" data-message-id=\"fcc128c5-e429-4ee4-b8e6-4e441f25572e\">\n<div class=\"flex w-full flex-col gap-1 empty:hidden first:pt-[3px]\">\n<div class=\"markdown prose w-full break-words dark:prose-invert dark\">  Fabriqu\u00e9s avec pr\u00e9cision et soin, ces sacs sont fabriqu\u00e9s \u00e0 partir de tissus brod\u00e9s de haute qualit\u00e9 et disposent de poign\u00e9es durables pour un usage quotidien.<br \/>\nQue vous partiez pour une journ\u00e9e d\u00e9contract\u00e9e ou un \u00e9v\u00e9nement sp\u00e9cial, les mini-sacs Benchrif rehausseront votre look avec leur attrait authentique et artisanal.   <strong>Fonctionnalit\u00e9s:<\/strong><\/p>\n<ul>\n<li><strong>Dimensions : <\/strong>25 x 20 cm<\/li>\n<li><strong>Mat\u00e9riel:<\/strong> Tissu brod\u00e9 de haute qualit\u00e9 inspir\u00e9 des motifs marocains<\/li>\n<li><strong>Fermeture :<\/strong> Dessus ouvert pour un acc\u00e8s facile<\/li>\n<li><strong>Int\u00e9rieur :<\/strong> Comprend une poche int\u00e9rieure (18 x 12 cm) pour organiser les petits objets<\/li>\n<li><strong>Poign\u00e9es:<\/strong> Durable et confortable, parfait pour un usage quotidien<\/li>\n<\/ul>\n<p><strong>Variations de couleurs :<\/strong><\/p>\n<ul>\n<li><strong>Noir:<\/strong> Un noir profond classique qui ajoute de la sophistication \u00e0 n\u2019importe quel look.<\/li>\n<li><strong>Argent:<\/strong> Un argent scintillant qui apporte une touche de modernit\u00e9 au design traditionnel.<\/li>\n<li><strong>Gris brillant :<\/strong> Un gris scintillant avec une touche contemporaine, parfait pour faire une d\u00e9claration.<\/li>\n<li><strong>Rouge:<\/strong> Un rouge vif qui capture l\u2019esprit vibrant de la culture marocaine.<\/li>\n<li><strong>Bleu:<\/strong> Un bleu riche et apaisant qui rappelle le ciel marocain.<\/li>\n<li><strong>Vert:<\/strong> Un vert frais et vif qui symbolise la croissance et l\u2019harmonie.<\/li>\n<li><strong>Fuchsia:<\/strong> Un fuchsia vif qui ajoute une touche de couleur ludique.<\/li>\n<li><strong>Or:<\/strong> Un or luxueux qui refl\u00e8te l\u2019opulence de l\u2019artisanat marocain.<\/li>\n<\/ul>\n<p><strong>Pourquoi vous allez l\u2019adorer :<\/strong><\/p>\n<ul>\n<li><strong>Authenticit\u00e9 culturelle :<\/strong> Chaque sac s\u2019inspire de la broderie marocaine traditionnelle, refl\u00e9tant le riche patrimoine et l\u2019art du Maroc.<\/li>\n<li><strong>Qualit\u00e9 artisanale :<\/strong> Fabriqu\u00e9s avec une attention m\u00e9ticuleuse aux d\u00e9tails, ces sacs sont plus que de simples accessoires ; Ce sont des \u0153uvres d\u2019art.<\/li>\n<li><strong>Polyvalent et pratique :<\/strong> Compact mais suffisamment spacieux pour vos essentiels quotidiens, ces mini-sacs sont parfaits pour toutes les occasions.<\/li>\n<\/ul>\n<p><strong>Instructions d\u2019entretien :<\/strong> Pour pr\u00e9server la beaut\u00e9 de votre mini sac Benchrif, nettoyez les taches avec un chiffon humide si n\u00e9cessaire.<br \/>\n\u00c9vitez l\u2019exposition directe \u00e0 la lumi\u00e8re du soleil pour pr\u00e9server les couleurs vives de la broderie. <strong>Ajoutez une touche d\u2019\u00e9l\u00e9gance marocaine \u00e0 votre collection :<\/strong> La collection de mini-sacs Benchrif n\u2019est pas seulement une question de mode ; il s\u2019agit de se connecter avec les riches traditions de l\u2019artisanat marocain.  Choisissez votre couleur pr\u00e9f\u00e9r\u00e9e et laissez cet accessoire unique apporter un morceau du Maroc dans votre vie quotidienne.  <\/div>\n<\/div>\n<\/div>\n<\/div>\n<\/div>\n<\/div>\n","protected":false},"excerpt":{"rendered":"<p><strong>D\u00e9couvrez le charme de l\u2019art marocain avec la collection de mini sacs Benchrif.<\/strong>  Chaque mini sac de cette collection pr\u00e9sente une broderie marocaine exquise, m\u00e9langeant des motifs complexes avec une palette de couleurs vives.<br \/>\nCes sacs fabriqu\u00e9s \u00e0 la main sont parfaits pour un usage quotidien, ajoutant une touche d\u2019\u00e9l\u00e9gance marocaine \u00e0 n\u2019importe quelle tenue.<br \/>\nAvec une gamme de belles couleurs, vous pouvez facilement trouver le mini sac parfait pour compl\u00e9ter votre style.  <\/p>\n","protected":false},"featured_media":30429,"comment_status":"open","ping_status":"closed","template":"","meta":{"iawp_total_views":6},"product_brand":[],"product_cat":[1288],"product_tag":[],"class_list":{"0":"post-31127","1":"product","2":"type-product","3":"status-publish","4":"has-post-thumbnail","6":"product_cat-accessoires","8":"first","9":"instock","10":"sale","11":"taxable","12":"shipping-taxable","13":"purchasable","14":"product-type-variable"},"_links":{"self":[{"href":"https:\/\/medianhire.com\/fr\/wp-json\/wp\/v2\/product\/31127","targetHints":{"allow":["GET"]}}],"collection":[{"href":"https:\/\/medianhire.com\/fr\/wp-json\/wp\/v2\/product"}],"about":[{"href":"https:\/\/medianhire.com\/fr\/wp-json\/wp\/v2\/types\/product"}],"replies":[{"embeddable":true,"href":"https:\/\/medianhire.com\/fr\/wp-json\/wp\/v2\/comments?post=31127"}],"wp:featuredmedia":[{"embeddable":true,"href":"https:\/\/medianhire.com\/fr\/wp-json\/wp\/v2\/media\/30429"}],"wp:attachment":[{"href":"https:\/\/medianhire.com\/fr\/wp-json\/wp\/v2\/media?parent=31127"}],"wp:term":[{"taxonomy":"product_brand","embeddable":true,"href":"https:\/\/medianhire.com\/fr\/wp-json\/wp\/v2\/product_brand?post=31127"},{"taxonomy":"product_cat","embeddable":true,"href":"https:\/\/medianhire.com\/fr\/wp-json\/wp\/v2\/product_cat?post=31127"},{"taxonomy":"product_tag","embeddable":true,"href":"https:\/\/medianhire.com\/fr\/wp-json\/wp\/v2\/product_tag?post=31127"}],"curies":[{"name":"wp","href":"https:\/\/api.w.org\/{rel}","templated":true}]}}