{"id":30041,"date":"2024-08-19T21:59:19","date_gmt":"2024-08-19T21:59:19","guid":{"rendered":"https:\/\/medianhire.com\/product\/le-nomade-elegant\/"},"modified":"2024-09-08T18:52:33","modified_gmt":"2024-09-08T18:52:33","slug":"le-nomade-elegant","status":"publish","type":"product","link":"https:\/\/medianhire.com\/fr\/produit\/le-nomade-elegant\/","title":{"rendered":"Le Nomade \u00c9l\u00e9gant"},"content":{"rendered":"<div class=\"flex max-w-full flex-col flex-grow\">\n<div class=\"min-h-[20px] text-message flex w-full flex-col items-end gap-2 whitespace-pre-wrap break-words [.text-message+&amp;]:mt-5 overflow-x-auto\" dir=\"auto\" data-message-author-role=\"assistant\" data-message-id=\"f9df492f-b2fa-4468-be02-439d4c6ad587\">\n<div class=\"flex w-full flex-col gap-1 empty:hidden first:pt-[3px]\">\n<div class=\"markdown prose w-full break-words dark:prose-invert dark\">\n<p><strong>Aper\u00e7u:<\/strong> Voici <strong>The Nomad<\/strong>, un sac spacieux et \u00e9l\u00e9gant con\u00e7u pour ceux qui ont besoin de praticit\u00e9 sans compromettre l\u2019\u00e9l\u00e9gance.<br \/>\nAvec son m\u00e9lange de mat\u00e9riaux durables et son design chic, ce sac est parfait pour un usage quotidien, offrant amplement d\u2019espace pour tous vos essentiels et plus encore. <strong>Design et qualit\u00e9 :<\/strong> <strong>Le Nomad<\/strong> est fabriqu\u00e9 \u00e0 partir d\u2019un tissu de jute r\u00e9sistant aux taches de haute qualit\u00e9, associ\u00e9 \u00e0 des poign\u00e9es en similicuir de qualit\u00e9 sup\u00e9rieure et \u00e0 des poches ext\u00e9rieures.<br \/>\nLe sac est dot\u00e9 d\u2019une fermeture \u00e0 glissi\u00e8re s\u00e9curis\u00e9e, d\u2019un int\u00e9rieur spacieux avec une poche \u00e0 fermeture \u00e9clair et de deux poches ext\u00e9rieures suppl\u00e9mentaires pour un rangement suppl\u00e9mentaire.<br \/>\nLa large sangle r\u00e9glable assure le confort, ce qui le rend id\u00e9al pour un usage quotidien.     <strong>Fonctionnalit\u00e9s:<\/strong><\/p>\n<ul>\n<li><strong>Dimensions :<\/strong> 40 x 30 x 18 cm<\/li>\n<li><strong>Mat\u00e9riel:<\/strong> Tissu de jute r\u00e9sistant aux taches avec accents en similicuir<\/li>\n<li><strong>Fermeture:<\/strong> Fermeture \u00e0 glissi\u00e8re s\u00e9curis\u00e9e<\/li>\n<li><strong>Poche int\u00e9rieure :<\/strong> 25 x 12 cm avec fermeture \u00e0 glissi\u00e8re<\/li>\n<li><strong>Poches ext\u00e9rieures :<\/strong> Deux poches en simili cuir<\/li>\n<li><strong>Poign\u00e9es:<\/strong> Combinaison de similicuir et de jute avec une sangle r\u00e9glable<\/li>\n<li><strong>Poids:<\/strong> L\u00e9ger mais durable<\/li>\n<\/ul>\n<p><strong>Pourquoi vous allez l\u2019adorer :<\/strong> <strong>Le Nomad<\/strong> est con\u00e7u pour \u00eatre \u00e0 la fois fonctionnel et \u00e0 la mode.<br \/>\nSon design spacieux peut facilement accueillir tout, de vos essentiels quotidiens aux articles pour une journ\u00e9e \u00e0 la plage ou \u00e0 la piscine.<br \/>\nLa combinaison \u00e9l\u00e9gante de mat\u00e9riaux ajoute une touche de sophistication \u00e0 n\u2019importe quelle tenue, ce qui en fait un ajout polyvalent \u00e0 votre garde-robe. <strong>Instructions d\u2019entretien :<\/strong> Pour garder votre sac en parfait \u00e9tat, nettoyez-le avec un chiffon doux et humide.<br \/>\nConservez-le dans un endroit frais et sec pour conserver sa qualit\u00e9 et sa long\u00e9vit\u00e9. <strong>D\u00e9claration de cl\u00f4ture :<\/strong> Avec <strong>The Nomad<\/strong>, vous transportez plus qu\u2019un simple sac ; Vous portez une d\u00e9claration de style et de fonctionnalit\u00e9.<br \/>\nParfait pour toutes les occasions, ce sac allie un design pratique \u00e0 une esth\u00e9tique chic, vous permettant de vous d\u00e9marquer o\u00f9 que vous alliez.      <\/div>\n<\/div>\n<\/div>\n<\/div>\n","protected":false},"excerpt":{"rendered":"<p>Aper\u00e7u: Voici The Nomad, un sac spacieux et \u00e9l\u00e9gant con\u00e7u pour ceux qui ont besoin de praticit\u00e9 sans compromettre l\u2019\u00e9l\u00e9gance. Avec son m\u00e9lange de mat\u00e9riaux durables et son design chic, ce sac est parfait pour un usage quotidien, offrant amplement d\u2019espace pour tous vos essentiels et plus encore. Design et qualit\u00e9 : Le Nomad est [&hellip;]<\/p>\n","protected":false},"featured_media":30030,"comment_status":"open","ping_status":"closed","template":"","meta":{"iawp_total_views":204},"product_brand":[],"product_cat":[1288],"product_tag":[1376,1410,1375,1374,1373],"class_list":{"0":"post-30041","1":"product","2":"type-product","3":"status-publish","4":"has-post-thumbnail","6":"product_cat-accessoires","7":"product_tag-hot-fr","8":"product_tag-limite","9":"product_tag-love-fr","10":"product_tag-nouveau-fr","11":"product_tag-tendance-fr","13":"first","14":"instock","15":"sale","16":"taxable","17":"shipping-taxable","18":"purchasable","19":"product-type-simple"},"_links":{"self":[{"href":"https:\/\/medianhire.com\/fr\/wp-json\/wp\/v2\/product\/30041","targetHints":{"allow":["GET"]}}],"collection":[{"href":"https:\/\/medianhire.com\/fr\/wp-json\/wp\/v2\/product"}],"about":[{"href":"https:\/\/medianhire.com\/fr\/wp-json\/wp\/v2\/types\/product"}],"replies":[{"embeddable":true,"href":"https:\/\/medianhire.com\/fr\/wp-json\/wp\/v2\/comments?post=30041"}],"wp:featuredmedia":[{"embeddable":true,"href":"https:\/\/medianhire.com\/fr\/wp-json\/wp\/v2\/media\/30030"}],"wp:attachment":[{"href":"https:\/\/medianhire.com\/fr\/wp-json\/wp\/v2\/media?parent=30041"}],"wp:term":[{"taxonomy":"product_brand","embeddable":true,"href":"https:\/\/medianhire.com\/fr\/wp-json\/wp\/v2\/product_brand?post=30041"},{"taxonomy":"product_cat","embeddable":true,"href":"https:\/\/medianhire.com\/fr\/wp-json\/wp\/v2\/product_cat?post=30041"},{"taxonomy":"product_tag","embeddable":true,"href":"https:\/\/medianhire.com\/fr\/wp-json\/wp\/v2\/product_tag?post=30041"}],"curies":[{"name":"wp","href":"https:\/\/api.w.org\/{rel}","templated":true}]}}