{"id":29670,"date":"2024-08-14T22:15:59","date_gmt":"2024-08-14T22:15:59","guid":{"rendered":"https:\/\/medianhire.com\/product\/la-collection-donovan-prestige\/"},"modified":"2024-09-08T18:59:49","modified_gmt":"2024-09-08T18:59:49","slug":"la-collection-donovan-prestige","status":"publish","type":"product","link":"https:\/\/medianhire.com\/fr\/produit\/la-collection-donovan-prestige\/","title":{"rendered":"Collection Donovan Prestige"},"content":{"rendered":"<p><strong>Fonctionnalit\u00e9s:<\/strong><\/p>\n<ul>\n<li><strong>Dimensions :<\/strong> 32 x 23 cm<\/li>\n<li><strong>Mat\u00e9riel:<\/strong> Tissu c\u00f4tel\u00e9 avec 100% cuir v\u00e9ritable<\/li>\n<li><strong>Fermeture:<\/strong> Fermeture zipp\u00e9e s\u00e9curis\u00e9e<\/li>\n<li><strong>Int\u00e9rieur:<\/strong> Spacieux avec une double poche int\u00e9rieure (20 x 12 cm), comprenant une poche ouverte et une poche zipp\u00e9e<\/li>\n<li><strong>Poign\u00e9es:<\/strong> Fabriqu\u00e9 \u00e0 partir de tissu c\u00f4tel\u00e9 et de cuir v\u00e9ritable<\/li>\n<li><strong>Courroie:<\/strong> Comprend une bandouli\u00e8re amovible pour plus de polyvalence<\/li>\n<\/ul>\n<p><strong>Pourquoi vous allez l\u2019adorer :<\/strong><\/p>\n<ul>\n<li><strong>Design \u00e9l\u00e9gant :<\/strong> M\u00e9lange de mat\u00e9riaux luxueux pour un look sophistiqu\u00e9<\/li>\n<li><strong>Con\u00e7u pour la durabilit\u00e9 :<\/strong> Construction de haute qualit\u00e9 pour une utilisation durable<\/li>\n<li><strong>Pratique et \u00e9l\u00e9gant :<\/strong> Id\u00e9al pour un usage quotidien et pour les occasions sp\u00e9ciales<\/li>\n<\/ul>\n<p><strong style=\"font-family: var(--mt-font__main); font-size: 1rem;\">Variations de couleurs :<\/strong><\/p>\n<ul>\n<li>Bleu et Noir<\/li>\n<li>Brown and Camel (Marron et Camel)<\/li>\n<li>Rouge et Noir<\/li>\n<\/ul>\n<p><strong>Instructions d\u2019entretien :<\/strong> Pour pr\u00e9server la qualit\u00e9 de votre sac Donovan, nettoyez-le d\u00e9licatement avec un chiffon humide et \u00e9vitez l\u2019exposition prolong\u00e9e \u00e0 la lumi\u00e8re directe du soleil. <strong>Rehaussez votre style au quotidien :<\/strong> La collection Donovan Prestige est plus qu\u2019un simple accessoire fonctionnel, c\u2019est un symbole de go\u00fbt raffin\u00e9 et de savoir-faire sup\u00e9rieur.<br \/>\nChoisissez votre combinaison de couleurs pr\u00e9f\u00e9r\u00e9e et profitez d\u2019un m\u00e9lange parfait de style et de praticit\u00e9. <\/p>\n","protected":false},"excerpt":{"rendered":"<p>La collection Donovan Prestige propose une s\u00e9lection sophistiqu\u00e9e de sacs en cuir, chacun soigneusement con\u00e7u pour combiner un style intemporel et une praticit\u00e9 au quotidien. Ces sacs sont con\u00e7us pour faire sensation, avec un m\u00e9lange de tissu c\u00f4tel\u00e9 et de cuir v\u00e9ritable qui respire l\u2019\u00e9l\u00e9gance. Id\u00e9al pour un usage quotidien, chaque sac de la collection offre amplement d\u2019espace pour vos essentiels tout en conservant un aspect chic. Les d\u00e9tails bien pens\u00e9s, comme l\u2019int\u00e9rieur en faux daim et la fermeture \u00e9clair s\u00e9curis\u00e9e, garantissent que ces sacs sont aussi fonctionnels que beaux.<\/p>\n","protected":false},"featured_media":29662,"comment_status":"open","ping_status":"closed","template":"","meta":{"iawp_total_views":9},"product_brand":[],"product_cat":[1288],"product_tag":[1376,1375,1374,1373,1406],"class_list":{"0":"post-29670","1":"product","2":"type-product","3":"status-publish","4":"has-post-thumbnail","6":"product_cat-accessoires","7":"product_tag-hot-fr","8":"product_tag-love-fr","9":"product_tag-nouveau-fr","10":"product_tag-tendance-fr","11":"product_tag-vetements","13":"first","14":"instock","15":"sale","16":"taxable","17":"shipping-taxable","18":"purchasable","19":"product-type-variable"},"_links":{"self":[{"href":"https:\/\/medianhire.com\/fr\/wp-json\/wp\/v2\/product\/29670","targetHints":{"allow":["GET"]}}],"collection":[{"href":"https:\/\/medianhire.com\/fr\/wp-json\/wp\/v2\/product"}],"about":[{"href":"https:\/\/medianhire.com\/fr\/wp-json\/wp\/v2\/types\/product"}],"replies":[{"embeddable":true,"href":"https:\/\/medianhire.com\/fr\/wp-json\/wp\/v2\/comments?post=29670"}],"wp:featuredmedia":[{"embeddable":true,"href":"https:\/\/medianhire.com\/fr\/wp-json\/wp\/v2\/media\/29662"}],"wp:attachment":[{"href":"https:\/\/medianhire.com\/fr\/wp-json\/wp\/v2\/media?parent=29670"}],"wp:term":[{"taxonomy":"product_brand","embeddable":true,"href":"https:\/\/medianhire.com\/fr\/wp-json\/wp\/v2\/product_brand?post=29670"},{"taxonomy":"product_cat","embeddable":true,"href":"https:\/\/medianhire.com\/fr\/wp-json\/wp\/v2\/product_cat?post=29670"},{"taxonomy":"product_tag","embeddable":true,"href":"https:\/\/medianhire.com\/fr\/wp-json\/wp\/v2\/product_tag?post=29670"}],"curies":[{"name":"wp","href":"https:\/\/api.w.org\/{rel}","templated":true}]}}