{"id":28774,"date":"2022-04-13T03:26:51","date_gmt":"2022-04-13T03:26:51","guid":{"rendered":"http:\/\/medianhire.com\/carrieres\/"},"modified":"2024-05-20T22:20:35","modified_gmt":"2024-05-20T22:20:35","slug":"carrieres","status":"publish","type":"page","link":"https:\/\/medianhire.com\/fr\/carrieres\/","title":{"rendered":"Carri\u00e8res"},"content":{"rendered":"\t\t<div data-elementor-type=\"wp-page\" data-elementor-id=\"28774\" class=\"elementor elementor-28774 elementor-122\">\n\t\t\t\t\t\t<section class=\"elementor-section elementor-top-section elementor-element elementor-element-69db4108 elementor-section-boxed elementor-section-height-default elementor-section-height-default motta-responsive-column motta-tablet-column--default motta-responsive-column motta-mobile-column--default\" data-id=\"69db4108\" data-element_type=\"section\" data-e-type=\"section\">\n\t\t\t\t\t\t<div class=\"elementor-container elementor-column-gap-default\">\n\t\t\t\t\t<div class=\"elementor-column elementor-col-50 elementor-top-column elementor-element elementor-element-6a55843b\" data-id=\"6a55843b\" data-element_type=\"column\" data-e-type=\"column\">\n\t\t\t<div class=\"elementor-widget-wrap elementor-element-populated\">\n\t\t\t\t\t\t<div class=\"elementor-element elementor-element-7dfd2735 elementor-widget elementor-widget-motta-heading\" data-id=\"7dfd2735\" data-element_type=\"widget\" data-e-type=\"widget\" data-widget_type=\"motta-heading.default\">\n\t\t\t\t<div class=\"elementor-widget-container\">\n\t\t\t\t\t\t\t<div class=\"motta-heading-elementor motta-heading__button-on\">\n\t\t\t\t<h2 class=\"motta-heading motta-heading--default\">\n\t\t\t\t\tNous esp\u00e9rons que vous le ferez<br>\nEnvisagez de vous joindre<br>  \nnotre rapidement<br> \n\u00c9quipe en pleine croissance\t\t\t\t<\/h2>\n\t\t\t\t\t\t\t<\/div>\n\t\t\t\t\t\t<\/div>\n\t\t\t\t<\/div>\n\t\t\t\t<div class=\"elementor-element elementor-element-7572b95e elementor-widget elementor-widget-motta-heading\" data-id=\"7572b95e\" data-element_type=\"widget\" data-e-type=\"widget\" data-widget_type=\"motta-heading.default\">\n\t\t\t\t<div class=\"elementor-widget-container\">\n\t\t\t\t\t\t\t<div class=\"motta-heading-elementor motta-heading__button-on\">\n\t\t\t\t<h2 class=\"motta-heading motta-heading--default\">\n\t\t\t\t\tJetez un coup d\u2019\u0153il \u00e0 ces offres d\u2019emploi actuelles et contactez-nous si\nQuelque chose attire votre attention.\t\t\t\t<\/h2>\n\t\t\t\t\t\t\t<\/div>\n\t\t\t\t\t\t<\/div>\n\t\t\t\t<\/div>\n\t\t\t\t<div class=\"elementor-element elementor-element-54c8d28e elementor-widget elementor-widget-motta-button\" data-id=\"54c8d28e\" data-element_type=\"widget\" data-e-type=\"widget\" data-widget_type=\"motta-button.default\">\n\t\t\t\t<div class=\"elementor-widget-container\">\n\t\t\t\t\t\t\t<a class=\"motta-button motta-button-primary  motta-button--base  motta-button--large\" href=\"#\">\n\t\t\t\t\t\t\t\t\t\t\t\t<span class=\"motta-button__text\">Afficher les postes vacants<\/span>\n\t\t\t\t\t\t<\/a>\n\t\t\t\t\t\t<\/div>\n\t\t\t\t<\/div>\n\t\t\t\t\t<\/div>\n\t\t<\/div>\n\t\t\t\t<div class=\"elementor-column elementor-col-50 elementor-top-column elementor-element elementor-element-7877aaf0\" data-id=\"7877aaf0\" data-element_type=\"column\" data-e-type=\"column\">\n\t\t\t<div class=\"elementor-widget-wrap elementor-element-populated\">\n\t\t\t\t\t\t<div class=\"elementor-element elementor-element-12ba3f35 elementor-widget elementor-widget-image\" data-id=\"12ba3f35\" data-element_type=\"widget\" data-e-type=\"widget\" data-widget_type=\"image.default\">\n\t\t\t\t<div class=\"elementor-widget-container\">\n\t\t\t\t\t\t\t\t\t\t\t\t\t\t\t<img decoding=\"async\" src=\"https:\/\/raw.githubusercontent.com\/uixthemeswp\/motta\/main\/impoter\/mediav1\/head-careers.jpg\" title=\"\" alt=\"\" loading=\"lazy\" \/>\t\t\t\t\t\t\t\t\t\t\t\t\t\t\t<\/div>\n\t\t\t\t<\/div>\n\t\t\t\t\t<\/div>\n\t\t<\/div>\n\t\t\t\t\t<\/div>\n\t\t<\/section>\n\t\t\t\t<section class=\"elementor-section elementor-top-section elementor-element elementor-element-70bc3445 elementor-section-stretched elementor-section-boxed elementor-section-height-default elementor-section-height-default motta-responsive-column motta-tablet-column--default motta-responsive-column motta-mobile-column--default\" data-id=\"70bc3445\" data-element_type=\"section\" data-e-type=\"section\" data-settings=\"{&quot;stretch_section&quot;:&quot;section-stretched&quot;}\">\n\t\t\t\t\t\t<div class=\"elementor-container elementor-column-gap-default\">\n\t\t\t\t\t<div class=\"elementor-column elementor-col-100 elementor-top-column elementor-element elementor-element-779685d8\" data-id=\"779685d8\" data-element_type=\"column\" data-e-type=\"column\">\n\t\t\t<div class=\"elementor-widget-wrap elementor-element-populated\">\n\t\t\t\t\t\t<section class=\"elementor-section elementor-inner-section elementor-element elementor-element-18b8a715 elementor-section-full_width elementor-section-height-default elementor-section-height-default motta-responsive-column motta-tablet-column--default motta-responsive-column motta-mobile-column--default\" data-id=\"18b8a715\" data-element_type=\"section\" data-e-type=\"section\" data-settings=\"{&quot;background_background&quot;:&quot;classic&quot;}\">\n\t\t\t\t\t\t<div class=\"elementor-container elementor-column-gap-no\">\n\t\t\t\t\t<div class=\"elementor-column elementor-col-25 elementor-inner-column elementor-element elementor-element-6d3559f1\" data-id=\"6d3559f1\" data-element_type=\"column\" data-e-type=\"column\">\n\t\t\t<div class=\"elementor-widget-wrap elementor-element-populated\">\n\t\t\t\t\t\t<div class=\"elementor-element elementor-element-14f33e84 elementor-widget elementor-widget-motta-heading\" data-id=\"14f33e84\" data-element_type=\"widget\" data-e-type=\"widget\" data-widget_type=\"motta-heading.default\">\n\t\t\t\t<div class=\"elementor-widget-container\">\n\t\t\t\t\t\t\t<div class=\"motta-heading-elementor motta-heading__button-on\">\n\t\t\t\t<h2 class=\"motta-heading motta-heading--default\">\n\t\t\t\t\tNous Conna\u00eetre\t\t\t\t<\/h2>\n\t\t\t\t\t\t\t<\/div>\n\t\t\t\t\t\t<\/div>\n\t\t\t\t<\/div>\n\t\t\t\t<div class=\"elementor-element elementor-element-21a7fa0a elementor-widget elementor-widget-motta-heading\" data-id=\"21a7fa0a\" data-element_type=\"widget\" data-e-type=\"widget\" data-widget_type=\"motta-heading.default\">\n\t\t\t\t<div class=\"elementor-widget-container\">\n\t\t\t\t\t\t\t<div class=\"motta-heading-elementor motta-heading__button-on\">\n\t\t\t\t<h2 class=\"motta-heading motta-heading--default\">\n\t\t\t\t\tL\u00e0 o\u00f9 chaque jour compte\t\t\t\t<\/h2>\n\t\t\t\t\t\t\t<\/div>\n\t\t\t\t\t\t<\/div>\n\t\t\t\t<\/div>\n\t\t\t\t\t<\/div>\n\t\t<\/div>\n\t\t\t\t<div class=\"elementor-column elementor-col-25 elementor-inner-column elementor-element elementor-element-686f74a2\" data-id=\"686f74a2\" data-element_type=\"column\" data-e-type=\"column\">\n\t\t\t<div class=\"elementor-widget-wrap elementor-element-populated\">\n\t\t\t\t\t\t<div class=\"elementor-element elementor-element-488cd089 elementor-widget elementor-widget-motta-counter\" data-id=\"488cd089\" data-element_type=\"widget\" data-e-type=\"widget\" data-widget_type=\"motta-counter.default\">\n\t\t\t\t<div class=\"elementor-widget-container\">\n\t\t\t\t\t\t\t<div class=\"motta-counter\">\n\t\t\t<div class=\"motta-counter__number-wrapper\">\n\t\t\t\t\t\t\t\t<span class=\"motta-counter__number\" data-duration=\"2000\" data-to-value=\"56\" data-from-value=\"0\" data-delimiter=\",\">0<\/span>\n\t\t\t\t\t\t\t<\/div>\n\t\t\t\t\t\t\t<div class=\"motta-counter__title\">Gens<\/div>\n\t\t\t\t\t<\/div>\n\t\t\t\t\t\t<\/div>\n\t\t\t\t<\/div>\n\t\t\t\t\t<\/div>\n\t\t<\/div>\n\t\t\t\t<div class=\"elementor-column elementor-col-25 elementor-inner-column elementor-element elementor-element-5084bceb\" data-id=\"5084bceb\" data-element_type=\"column\" data-e-type=\"column\">\n\t\t\t<div class=\"elementor-widget-wrap elementor-element-populated\">\n\t\t\t\t\t\t<div class=\"elementor-element elementor-element-138c5055 elementor-widget elementor-widget-motta-counter\" data-id=\"138c5055\" data-element_type=\"widget\" data-e-type=\"widget\" data-widget_type=\"motta-counter.default\">\n\t\t\t\t<div class=\"elementor-widget-container\">\n\t\t\t\t\t\t\t<div class=\"motta-counter\">\n\t\t\t<div class=\"motta-counter__number-wrapper\">\n\t\t\t\t\t\t\t\t<span class=\"motta-counter__number\" data-duration=\"2000\" data-to-value=\"4\" data-from-value=\"0\" data-delimiter=\",\">0<\/span>\n\t\t\t\t\t\t\t<\/div>\n\t\t\t\t\t\t\t<div class=\"motta-counter__title\">Pays<\/div>\n\t\t\t\t\t<\/div>\n\t\t\t\t\t\t<\/div>\n\t\t\t\t<\/div>\n\t\t\t\t\t<\/div>\n\t\t<\/div>\n\t\t\t\t<div class=\"elementor-column elementor-col-25 elementor-inner-column elementor-element elementor-element-1904f973\" data-id=\"1904f973\" data-element_type=\"column\" data-e-type=\"column\">\n\t\t\t<div class=\"elementor-widget-wrap elementor-element-populated\">\n\t\t\t\t\t\t<div class=\"elementor-element elementor-element-7eefc00c elementor-widget elementor-widget-motta-counter\" data-id=\"7eefc00c\" data-element_type=\"widget\" data-e-type=\"widget\" data-widget_type=\"motta-counter.default\">\n\t\t\t\t<div class=\"elementor-widget-container\">\n\t\t\t\t\t\t\t<div class=\"motta-counter\">\n\t\t\t<div class=\"motta-counter__number-wrapper\">\n\t\t\t\t\t\t\t\t<span class=\"motta-counter__number\" data-duration=\"2000\" data-to-value=\"768\" data-from-value=\"0\" data-delimiter=\",\">0<\/span>\n\t\t\t\t\t\t\t<\/div>\n\t\t\t\t\t\t\t<div class=\"motta-counter__title\">D\u00e9ploiements par jour<\/div>\n\t\t\t\t\t<\/div>\n\t\t\t\t\t\t<\/div>\n\t\t\t\t<\/div>\n\t\t\t\t\t<\/div>\n\t\t<\/div>\n\t\t\t\t\t<\/div>\n\t\t<\/section>\n\t\t\t\t\t<\/div>\n\t\t<\/div>\n\t\t\t\t\t<\/div>\n\t\t<\/section>\n\t\t\t\t<section class=\"elementor-section elementor-top-section elementor-element elementor-element-11f1c0a6 elementor-section-boxed elementor-section-height-default elementor-section-height-default motta-responsive-column motta-tablet-column--default motta-responsive-column motta-mobile-column--default\" data-id=\"11f1c0a6\" data-element_type=\"section\" data-e-type=\"section\">\n\t\t\t\t\t\t<div class=\"elementor-container elementor-column-gap-default\">\n\t\t\t\t\t<div class=\"elementor-column elementor-col-100 elementor-top-column elementor-element elementor-element-5c5d0a91\" data-id=\"5c5d0a91\" data-element_type=\"column\" data-e-type=\"column\">\n\t\t\t<div class=\"elementor-widget-wrap elementor-element-populated\">\n\t\t\t\t\t\t<div class=\"elementor-element elementor-element-288278d6 elementor-widget elementor-widget-motta-heading\" data-id=\"288278d6\" data-element_type=\"widget\" data-e-type=\"widget\" data-widget_type=\"motta-heading.default\">\n\t\t\t\t<div class=\"elementor-widget-container\">\n\t\t\t\t\t\t\t<div class=\"motta-heading-elementor motta-heading__button-on\">\n\t\t\t\t<h2 class=\"motta-heading motta-heading--default\">\n\t\t\t\t\tNos valeurs\t\t\t\t<\/h2>\n\t\t\t\t\t\t\t<\/div>\n\t\t\t\t\t\t<\/div>\n\t\t\t\t<\/div>\n\t\t\t\t<div class=\"elementor-element elementor-element-67d7364 elementor-widget elementor-widget-motta-heading\" data-id=\"67d7364\" data-element_type=\"widget\" data-e-type=\"widget\" data-widget_type=\"motta-heading.default\">\n\t\t\t\t<div class=\"elementor-widget-container\">\n\t\t\t\t\t\t\t<div class=\"motta-heading-elementor motta-heading__button-on\">\n\t\t\t\t<h2 class=\"motta-heading motta-heading--default\">\n\t\t\t\t\tNos valeurs sont ce qui fait<br class=\"hidden-xs\">\nNous sommes uniques, moteurs de notre entreprise<br class=\"hidden-xs\">\nculture et gouverner tout<br class=\"hidden-xs\">\nnous le faisons.\t\t\t\t<\/h2>\n\t\t\t\t\t\t\t<\/div>\n\t\t\t\t\t\t<\/div>\n\t\t\t\t<\/div>\n\t\t\t\t\t<\/div>\n\t\t<\/div>\n\t\t\t\t\t<\/div>\n\t\t<\/section>\n\t\t\t\t<section class=\"elementor-section elementor-top-section elementor-element elementor-element-6e9ee7fb elementor-section-boxed elementor-section-height-default elementor-section-height-default motta-responsive-column motta-tablet-column--default motta-responsive-column motta-mobile-column--default\" data-id=\"6e9ee7fb\" data-element_type=\"section\" data-e-type=\"section\">\n\t\t\t\t\t\t<div class=\"elementor-container elementor-column-gap-default\">\n\t\t\t\t\t<div class=\"elementor-column elementor-col-50 elementor-top-column elementor-element elementor-element-7db9c686\" data-id=\"7db9c686\" data-element_type=\"column\" data-e-type=\"column\">\n\t\t\t<div class=\"elementor-widget-wrap elementor-element-populated\">\n\t\t\t\t\t\t<div class=\"elementor-element elementor-element-b04710e elementor-widget elementor-widget-image\" data-id=\"b04710e\" data-element_type=\"widget\" data-e-type=\"widget\" data-widget_type=\"image.default\">\n\t\t\t\t<div class=\"elementor-widget-container\">\n\t\t\t\t\t\t\t\t\t\t\t\t\t\t\t<img decoding=\"async\" src=\"https:\/\/raw.githubusercontent.com\/uixthemeswp\/motta\/main\/impoter\/mediav1\/careers.jpg\" title=\"\" alt=\"\" loading=\"lazy\" \/>\t\t\t\t\t\t\t\t\t\t\t\t\t\t\t<\/div>\n\t\t\t\t<\/div>\n\t\t\t\t\t<\/div>\n\t\t<\/div>\n\t\t\t\t<div class=\"elementor-column elementor-col-50 elementor-top-column elementor-element elementor-element-119ed535\" data-id=\"119ed535\" data-element_type=\"column\" data-e-type=\"column\">\n\t\t\t<div class=\"elementor-widget-wrap elementor-element-populated\">\n\t\t\t\t\t\t<div class=\"elementor-element elementor-element-56fcd69d motta-icon-box__icon-position--left motta-icon-box__vertical-align-top elementor-widget elementor-widget-motta-icon-box\" data-id=\"56fcd69d\" data-element_type=\"widget\" data-e-type=\"widget\" data-widget_type=\"motta-icon-box.default\">\n\t\t\t\t<div class=\"elementor-widget-container\">\n\t\t\t\t\t\t\t<div class=\"motta-icon-box icon-type-icon\">\n\t\t\t\t\t\t\t<div class=\"motta-icon-box__icon\">\n\t\t\t\t\t<span class=\"motta-svg-icon\"><\/span>\t\t\t\t<\/div>\n\t\t\t\t\t\t<div class=\"motta-icon-box__wrapper\">\n\t\t\t\t\t\t\t\t\t<h6 class=\"motta-icon-box__title\">Faites du service votre mission<\/h6>\n\t\t\t\t\t\t\t\t\t\t\t\t\t<div class=\"motta-icon-box__content\">Offrez le plus haut niveau de soutien \u00e0 nos<br class=\"hidden-xs\">  partenaires et les uns aux autres.<\/div>\n\t\t\t\t\t\t\t\t\t\t\t<\/div>\n\t\t\t\t\t<\/div>\n\t\t\t\t\t\t<\/div>\n\t\t\t\t<\/div>\n\t\t\t\t<div class=\"elementor-element elementor-element-4451834 motta-icon-box__icon-position--left motta-icon-box__vertical-align-top elementor-widget elementor-widget-motta-icon-box\" data-id=\"4451834\" data-element_type=\"widget\" data-e-type=\"widget\" data-widget_type=\"motta-icon-box.default\">\n\t\t\t\t<div class=\"elementor-widget-container\">\n\t\t\t\t\t\t\t<div class=\"motta-icon-box icon-type-icon\">\n\t\t\t\t\t\t\t<div class=\"motta-icon-box__icon\">\n\t\t\t\t\t<span class=\"motta-svg-icon\"><\/span>\t\t\t\t<\/div>\n\t\t\t\t\t\t<div class=\"motta-icon-box__wrapper\">\n\t\t\t\t\t\t\t\t\t<h6 class=\"motta-icon-box__title\">Viser l\u2019excellence<\/h6>\n\t\t\t\t\t\t\t\t\t\t\t\t\t<div class=\"motta-icon-box__content\">Ne vous contentez pas d\u2019un second choix.<\/div>\n\t\t\t\t\t\t\t\t\t\t\t<\/div>\n\t\t\t\t\t<\/div>\n\t\t\t\t\t\t<\/div>\n\t\t\t\t<\/div>\n\t\t\t\t<div class=\"elementor-element elementor-element-17aba58d motta-icon-box__icon-position--left motta-icon-box__vertical-align-top elementor-widget elementor-widget-motta-icon-box\" data-id=\"17aba58d\" data-element_type=\"widget\" data-e-type=\"widget\" data-widget_type=\"motta-icon-box.default\">\n\t\t\t\t<div class=\"elementor-widget-container\">\n\t\t\t\t\t\t\t<div class=\"motta-icon-box icon-type-icon\">\n\t\t\t\t\t\t\t<div class=\"motta-icon-box__icon\">\n\t\t\t\t\t<span class=\"motta-svg-icon\"><\/span>\t\t\t\t<\/div>\n\t\t\t\t\t\t<div class=\"motta-icon-box__wrapper\">\n\t\t\t\t\t\t\t\t\t<h6 class=\"motta-icon-box__title\">Gagnez ensemble<\/h6>\n\t\t\t\t\t\t\t\t\t\t\t\t\t<div class=\"motta-icon-box__content\">Nous comptons les uns sur les autres, offrons toujours<br class=\"hidden-xs\">  et se concentrer sur les solutions.<\/div>\n\t\t\t\t\t\t\t\t\t\t\t<\/div>\n\t\t\t\t\t<\/div>\n\t\t\t\t\t\t<\/div>\n\t\t\t\t<\/div>\n\t\t\t\t\t<\/div>\n\t\t<\/div>\n\t\t\t\t\t<\/div>\n\t\t<\/section>\n\t\t\t\t<section class=\"elementor-section elementor-top-section elementor-element elementor-element-1cf7accd elementor-section-boxed elementor-section-height-default elementor-section-height-default motta-responsive-column motta-tablet-column--default motta-responsive-column motta-mobile-column--default\" data-id=\"1cf7accd\" data-element_type=\"section\" data-e-type=\"section\">\n\t\t\t\t\t\t<div class=\"elementor-container elementor-column-gap-default\">\n\t\t\t\t\t<div class=\"elementor-column elementor-col-100 elementor-top-column elementor-element elementor-element-d0906f7\" data-id=\"d0906f7\" data-element_type=\"column\" data-e-type=\"column\">\n\t\t\t<div class=\"elementor-widget-wrap elementor-element-populated\">\n\t\t\t\t\t\t<div class=\"elementor-element elementor-element-8c78a86 elementor-widget elementor-widget-motta-heading\" data-id=\"8c78a86\" data-element_type=\"widget\" data-e-type=\"widget\" data-widget_type=\"motta-heading.default\">\n\t\t\t\t<div class=\"elementor-widget-container\">\n\t\t\t\t\t\t\t<div class=\"motta-heading-elementor motta-heading__button-on\">\n\t\t\t\t<h2 class=\"motta-heading motta-heading--default\">\n\t\t\t\t\tNos implantations\t\t\t\t<\/h2>\n\t\t\t\t\t\t\t<\/div>\n\t\t\t\t\t\t<\/div>\n\t\t\t\t<\/div>\n\t\t\t\t<div class=\"elementor-element elementor-element-552f4c3c elementor-widget elementor-widget-motta-heading\" data-id=\"552f4c3c\" data-element_type=\"widget\" data-e-type=\"widget\" data-widget_type=\"motta-heading.default\">\n\t\t\t\t<div class=\"elementor-widget-container\">\n\t\t\t\t\t\t\t<div class=\"motta-heading-elementor motta-heading__button-on\">\n\t\t\t\t<h2 class=\"motta-heading motta-heading--default\">\n\t\t\t\t\tMagasins dans le monde entier\t\t\t\t<\/h2>\n\t\t\t\t\t\t\t<\/div>\n\t\t\t\t\t\t<\/div>\n\t\t\t\t<\/div>\n\t\t\t\t\t<\/div>\n\t\t<\/div>\n\t\t\t\t\t<\/div>\n\t\t<\/section>\n\t\t\t\t<section class=\"elementor-section elementor-top-section elementor-element elementor-element-3705d0e7 motta-responsive-column motta-mobile-column--column_md elementor-section-boxed elementor-section-height-default elementor-section-height-default motta-responsive-column motta-tablet-column--default\" data-id=\"3705d0e7\" data-element_type=\"section\" data-e-type=\"section\">\n\t\t\t\t\t\t<div class=\"elementor-container elementor-column-gap-default\">\n\t\t\t\t\t<div class=\"elementor-column elementor-col-33 elementor-top-column elementor-element elementor-element-20af3e26\" data-id=\"20af3e26\" data-element_type=\"column\" data-e-type=\"column\">\n\t\t\t<div class=\"elementor-widget-wrap elementor-element-populated\">\n\t\t\t\t\t\t<div class=\"elementor-element elementor-element-7802bf7b motta-image-box__image--before elementor-widget elementor-widget-motta-image-box\" data-id=\"7802bf7b\" data-element_type=\"widget\" data-e-type=\"widget\" data-widget_type=\"motta-image-box.default\">\n\t\t\t\t<div class=\"elementor-widget-container\">\n\t\t\t\t\t\t\t<div class=\"motta-image-box\">\n\t\t\t\t\t\t\t<img decoding=\"async\" src=\"https:\/\/raw.githubusercontent.com\/uixthemeswp\/motta\/main\/impoter\/mediav1\/placeholder.png\" title=\"\" alt=\"\" loading=\"lazy\" \/>\t\t\t\t<div class=\"motta-image-box__summary\">\n\t\t\t\t\t<div class=\"motta-image-box__title\">Los Angeles<\/div>\t\t\t\t\t<div class=\"motta-image-box__description\">340 Main Street Los Angeles,<br class=\"hidden-lg hidden-sm\">  CA 90291<br> <span style=\"font-weight: 500;\">\u00c9tats-Unis<\/span><\/div>\t\t\t\t<\/div>\n\t\t\t\t\n\t\t\t\t\n\t\t\t\t\t\t\t\t<\/div>\n\t\t\t\t\t\t<\/div>\n\t\t\t\t<\/div>\n\t\t\t\t\t<\/div>\n\t\t<\/div>\n\t\t\t\t<div class=\"elementor-column elementor-col-33 elementor-top-column elementor-element elementor-element-73f29131\" data-id=\"73f29131\" data-element_type=\"column\" data-e-type=\"column\">\n\t\t\t<div class=\"elementor-widget-wrap elementor-element-populated\">\n\t\t\t\t\t\t<div class=\"elementor-element elementor-element-5f299290 motta-image-box__image--before elementor-widget elementor-widget-motta-image-box\" data-id=\"5f299290\" data-element_type=\"widget\" data-e-type=\"widget\" data-widget_type=\"motta-image-box.default\">\n\t\t\t\t<div class=\"elementor-widget-container\">\n\t\t\t\t\t\t\t<div class=\"motta-image-box\">\n\t\t\t\t\t\t\t<img decoding=\"async\" src=\"https:\/\/raw.githubusercontent.com\/uixthemeswp\/motta\/main\/impoter\/mediav1\/placeholder.png\" title=\"\" alt=\"\" loading=\"lazy\" \/>\t\t\t\t<div class=\"motta-image-box__summary\">\n\t\t\t\t\t<div class=\"motta-image-box__title\">Californie<\/div>\t\t\t\t\t<div class=\"motta-image-box__description\">10000, rue Californie 68114<br class=\"hidden-lg hidden-sm\">  Omaha<br> <span style=\"font-weight: 500;\">\u00c9tats-Unis<\/span><\/div>\t\t\t\t<\/div>\n\t\t\t\t\n\t\t\t\t\n\t\t\t\t\t\t\t\t<\/div>\n\t\t\t\t\t\t<\/div>\n\t\t\t\t<\/div>\n\t\t\t\t\t<\/div>\n\t\t<\/div>\n\t\t\t\t<div class=\"elementor-column elementor-col-33 elementor-top-column elementor-element elementor-element-488417ed\" data-id=\"488417ed\" data-element_type=\"column\" data-e-type=\"column\">\n\t\t\t<div class=\"elementor-widget-wrap elementor-element-populated\">\n\t\t\t\t\t\t<div class=\"elementor-element elementor-element-7d5d980e motta-image-box__image--before elementor-widget elementor-widget-motta-image-box\" data-id=\"7d5d980e\" data-element_type=\"widget\" data-e-type=\"widget\" data-widget_type=\"motta-image-box.default\">\n\t\t\t\t<div class=\"elementor-widget-container\">\n\t\t\t\t\t\t\t<div class=\"motta-image-box\">\n\t\t\t\t\t\t\t<img decoding=\"async\" src=\"https:\/\/raw.githubusercontent.com\/uixthemeswp\/motta\/main\/impoter\/mediav1\/placeholder.png\" title=\"\" alt=\"\" loading=\"lazy\" \/>\t\t\t\t<div class=\"motta-image-box__summary\">\n\t\t\t\t\t<div class=\"motta-image-box__title\">New York<\/div>\t\t\t\t\t<div class=\"motta-image-box__description\">515, rue Broadway 10015<br class=\"hidden-lg hidden-sm\">  New York<br> <span style=\"font-weight: 500;\">\u00c9tats-Unis<\/span><\/div>\t\t\t\t<\/div>\n\t\t\t\t\n\t\t\t\t\n\t\t\t\t\t\t\t\t<\/div>\n\t\t\t\t\t\t<\/div>\n\t\t\t\t<\/div>\n\t\t\t\t\t<\/div>\n\t\t<\/div>\n\t\t\t\t\t<\/div>\n\t\t<\/section>\n\t\t\t\t<section class=\"elementor-section elementor-top-section elementor-element elementor-element-1d998489 elementor-section-boxed elementor-section-height-default elementor-section-height-default motta-responsive-column motta-tablet-column--default motta-responsive-column motta-mobile-column--default\" data-id=\"1d998489\" data-element_type=\"section\" data-e-type=\"section\">\n\t\t\t\t\t\t<div class=\"elementor-container elementor-column-gap-default\">\n\t\t\t\t\t<div class=\"elementor-column elementor-col-100 elementor-top-column elementor-element elementor-element-3b19687b\" data-id=\"3b19687b\" data-element_type=\"column\" data-e-type=\"column\">\n\t\t\t<div class=\"elementor-widget-wrap elementor-element-populated\">\n\t\t\t\t\t\t<div class=\"elementor-element elementor-element-7d3c88c elementor-widget elementor-widget-motta-heading\" data-id=\"7d3c88c\" data-element_type=\"widget\" data-e-type=\"widget\" data-widget_type=\"motta-heading.default\">\n\t\t\t\t<div class=\"elementor-widget-container\">\n\t\t\t\t\t\t\t<div class=\"motta-heading-elementor motta-heading__button-on\">\n\t\t\t\t<h2 class=\"motta-heading motta-heading--default\">\n\t\t\t\t\tQuestions fr\u00e9quentes\t\t\t\t<\/h2>\n\t\t\t\t\t\t\t<\/div>\n\t\t\t\t\t\t<\/div>\n\t\t\t\t<\/div>\n\t\t\t\t<div class=\"elementor-element elementor-element-61fa550e elementor-widget elementor-widget-motta-heading\" data-id=\"61fa550e\" data-element_type=\"widget\" data-e-type=\"widget\" data-widget_type=\"motta-heading.default\">\n\t\t\t\t<div class=\"elementor-widget-container\">\n\t\t\t\t\t\t\t<div class=\"motta-heading-elementor motta-heading__button-on\">\n\t\t\t\t<h2 class=\"motta-heading motta-heading--default\">\n\t\t\t\t\tTrouvez une r\u00e9ponse en recherchant un  <br class=\"hidden-xs\">  Question ou mots-cl\u00e9s\t\t\t\t<\/h2>\n\t\t\t\t\t\t\t<\/div>\n\t\t\t\t\t\t<\/div>\n\t\t\t\t<\/div>\n\t\t\t\t<div class=\"elementor-element elementor-element-1ae580cc elementor-widget elementor-widget-motta-button\" data-id=\"1ae580cc\" data-element_type=\"widget\" data-e-type=\"widget\" data-widget_type=\"motta-button.default\">\n\t\t\t\t<div class=\"elementor-widget-container\">\n\t\t\t\t\t\t\t<a class=\"motta-button motta-button-primary  motta-button--base  motta-button--large\" href=\"#\">\n\t\t\t\t\t\t\t\t\t\t\t\t<span class=\"motta-button__text\">Aller \u00e0 la FAQ<\/span>\n\t\t\t\t\t\t<\/a>\n\t\t\t\t\t\t<\/div>\n\t\t\t\t<\/div>\n\t\t\t\t\t<\/div>\n\t\t<\/div>\n\t\t\t\t\t<\/div>\n\t\t<\/section>\n\t\t\t\t<\/div>\n\t\t","protected":false},"excerpt":{"rendered":"<p>Nous esp\u00e9rons que vous le ferez Envisagez de vous joindre notre rapidement \u00c9quipe en pleine croissance Jetez un coup d\u2019\u0153il \u00e0 ces offres d\u2019emploi actuelles et contactez-nous si Quelque chose attire votre attention. Afficher les postes vacants Nous Conna\u00eetre L\u00e0 o\u00f9 chaque jour compte 0 Gens 0 Pays 0 D\u00e9ploiements par jour Nos valeurs Nos [&hellip;]<\/p>\n","protected":false},"author":1,"featured_media":0,"parent":0,"menu_order":0,"comment_status":"closed","ping_status":"closed","template":"","meta":{"iawp_total_views":1,"footnotes":""},"class_list":["post-28774","page","type-page","status-publish","hentry"],"_links":{"self":[{"href":"https:\/\/medianhire.com\/fr\/wp-json\/wp\/v2\/pages\/28774","targetHints":{"allow":["GET"]}}],"collection":[{"href":"https:\/\/medianhire.com\/fr\/wp-json\/wp\/v2\/pages"}],"about":[{"href":"https:\/\/medianhire.com\/fr\/wp-json\/wp\/v2\/types\/page"}],"author":[{"embeddable":true,"href":"https:\/\/medianhire.com\/fr\/wp-json\/wp\/v2\/users\/1"}],"replies":[{"embeddable":true,"href":"https:\/\/medianhire.com\/fr\/wp-json\/wp\/v2\/comments?post=28774"}],"version-history":[{"count":0,"href":"https:\/\/medianhire.com\/fr\/wp-json\/wp\/v2\/pages\/28774\/revisions"}],"wp:attachment":[{"href":"https:\/\/medianhire.com\/fr\/wp-json\/wp\/v2\/media?parent=28774"}],"curies":[{"name":"wp","href":"https:\/\/api.w.org\/{rel}","templated":true}]}}