{"id":28753,"date":"2024-03-21T14:06:54","date_gmt":"2024-03-21T14:06:54","guid":{"rendered":"http:\/\/medianhire.com\/charrette\/"},"modified":"2024-05-20T17:36:16","modified_gmt":"2024-05-20T17:36:16","slug":"mon-panier","status":"publish","type":"page","link":"https:\/\/medianhire.com\/fr\/mon-panier\/","title":{"rendered":"Mon panier"},"content":{"rendered":"\r\n<div data-block-name=\"woocommerce\/cart\" class=\"wp-block-woocommerce-cart alignwide is-loading\">\r\n<div data-block-name=\"woocommerce\/filled-cart-block\" class=\"wp-block-woocommerce-filled-cart-block\">\r\n<div data-block-name=\"woocommerce\/cart-items-block\" class=\"wp-block-woocommerce-cart-items-block\">\r\n<div data-block-name=\"woocommerce\/cart-line-items-block\" class=\"wp-block-woocommerce-cart-line-items-block\">\u00a0<\/div>\r\n\r\n\r\n\r\n<div data-block-name=\"woocommerce\/cart-cross-sells-block\" class=\"wp-block-woocommerce-cart-cross-sells-block\">\r\n<h2 class=\"wp-block-heading has-large-font-size\">Vous pourriez \u00eatre int\u00e9ress\u00e9 par&#8230;<\/h2>\r\n\r\n\r\n\r\n<div data-block-name=\"woocommerce\/cart-cross-sells-products-block\" class=\"wp-block-woocommerce-cart-cross-sells-products-block\">\u00a0<\/div>\r\n<\/div>\r\n<\/div>\r\n\r\n\r\n\r\n<div data-block-name=\"woocommerce\/cart-totals-block\" class=\"wp-block-woocommerce-cart-totals-block\">\r\n<div data-block-name=\"woocommerce\/cart-order-summary-block\" class=\"wp-block-woocommerce-cart-order-summary-block\">\r\n<div data-block-name=\"woocommerce\/cart-order-summary-heading-block\" class=\"wp-block-woocommerce-cart-order-summary-heading-block\">\u00a0<\/div>\r\n\r\n\r\n\r\n<div data-block-name=\"woocommerce\/cart-order-summary-coupon-form-block\" class=\"wp-block-woocommerce-cart-order-summary-coupon-form-block\">\u00a0<\/div>\r\n\r\n\r\n\r\n\r\n\r\n\r\n\r\n\r\n\r\n\r\n\r\n\r\n\r\n\r\n\r\n\r\n\r\n\r\n\r\n<div data-block-name=\"woocommerce\/cart-order-summary-totals-block\" class=\"wp-block-woocommerce-cart-order-summary-totals-block\">\n<div data-block-name=\"woocommerce\/cart-order-summary-subtotal-block\" class=\"wp-block-woocommerce-cart-order-summary-subtotal-block\">\u00a0<\/div>\n<div data-block-name=\"woocommerce\/cart-order-summary-discount-block\" class=\"wp-block-woocommerce-cart-order-summary-discount-block\">\u00a0<\/div>\n<div data-block-name=\"woocommerce\/cart-order-summary-fee-block\" class=\"wp-block-woocommerce-cart-order-summary-fee-block\">\u00a0<\/div>\n<div data-block-name=\"woocommerce\/cart-order-summary-shipping-block\" class=\"wp-block-woocommerce-cart-order-summary-shipping-block\">\u00a0<\/div>\n<div data-block-name=\"woocommerce\/cart-order-summary-taxes-block\" class=\"wp-block-woocommerce-cart-order-summary-taxes-block\">\u00a0<\/div><\/div>\r\n<\/div>\r\n\r\n\r\n\r\n<div data-block-name=\"woocommerce\/cart-express-payment-block\" class=\"wp-block-woocommerce-cart-express-payment-block\">\u00a0<\/div>\r\n\r\n\r\n\r\n<div data-block-name=\"woocommerce\/proceed-to-checkout-block\" class=\"wp-block-woocommerce-proceed-to-checkout-block\">\u00a0<\/div>\r\n\r\n\r\n\r\n<div data-block-name=\"woocommerce\/cart-accepted-payment-methods-block\" class=\"wp-block-woocommerce-cart-accepted-payment-methods-block\">\u00a0<\/div>\r\n<\/div>\r\n<\/div>\r\n\r\n\r\n\r\n<div data-block-name=\"woocommerce\/empty-cart-block\" class=\"wp-block-woocommerce-empty-cart-block\">\r\n<h2 class=\"wp-block-heading has-text-align-center with-empty-cart-icon wc-block-cart__empty-cart__title\">Votre panier est actuellement vide !<\/h2>\r\n\r\n\r\n<hr class=\"wp-block-separator has-alpha-channel-opacity is-style-dots\" \/>\r\n\r\n\r\n<h2 class=\"wp-block-heading has-text-align-center\">Nouveau en magasin<\/h2>\r\n\r\n\r\n<div data-block-name=\"woocommerce\/product-new\" data-columns=\"4\" data-rows=\"1\" class=\"wc-block-grid wp-block-product-new wp-block-woocommerce-product-new wc-block-product-new has-4-columns\"><ul class=\"wc-block-grid__products\"><li class=\"wc-block-grid__product\">\n\t\t\t\t<a href=\"https:\/\/medianhire.com\/fr\/produit\/pouf-marocain-en-cuir-naturel-fait-main-a-marrakech-marron-decoration-authentique\/\" class=\"wc-block-grid__product-link\">\n\t\t\t\t\t<div class=\"wc-block-grid__product-onsale\">\n\t\t\t<span aria-hidden=\"true\">Sale<\/span>\n\t\t\t<span class=\"screen-reader-text\">Product on sale<\/span>\n\t\t<\/div>\n\t\t\t\t\t<div class=\"wc-block-grid__product-image\"><img fetchpriority=\"high\" decoding=\"async\" width=\"300\" height=\"300\" src=\"https:\/\/medianhire.com\/wp-content\/uploads\/2025\/05\/il_794xN.6309117375_kb9y-300x300.jpg\" class=\"attachment-woocommerce_thumbnail size-woocommerce_thumbnail\" alt=\"Pouf Marocain en Cuir Naturel \u2013 Fait Main \u00e0 Marrakech \u2013 Marron \u2013 D\u00e9coration Authentique\" srcset=\"https:\/\/medianhire.com\/wp-content\/uploads\/2025\/05\/il_794xN.6309117375_kb9y-300x300.jpg 300w, https:\/\/medianhire.com\/wp-content\/uploads\/2025\/05\/il_794xN.6309117375_kb9y-150x150.jpg 150w, https:\/\/medianhire.com\/wp-content\/uploads\/2025\/05\/il_794xN.6309117375_kb9y-768x768.jpg 768w, https:\/\/medianhire.com\/wp-content\/uploads\/2025\/05\/il_794xN.6309117375_kb9y-600x600.jpg 600w, https:\/\/medianhire.com\/wp-content\/uploads\/2025\/05\/il_794xN.6309117375_kb9y-100x100.jpg 100w, https:\/\/medianhire.com\/wp-content\/uploads\/2025\/05\/il_794xN.6309117375_kb9y.jpg 794w\" sizes=\"(max-width: 300px) 100vw, 300px\" \/><\/div>\n\t\t\t\t\t<div class=\"wc-block-grid__product-title\">Pouf Marocain en Cuir Naturel \u2013 Fait Main \u00e0 Marrakech \u2013 Marron \u2013 D\u00e9coration Authentique<\/div>\n\t\t\t\t<\/a>\n\t\t\t\t<div class=\"wc-block-grid__product-price price\"><del aria-hidden=\"true\"><span class=\"woocommerce-Price-amount amount\">50,00&nbsp;<span class=\"woocommerce-Price-currencySymbol\">&euro;<\/span><\/span><\/del> <span class=\"screen-reader-text\">Original price was: 50,00&nbsp;&euro;.<\/span><ins aria-hidden=\"true\"><span class=\"woocommerce-Price-amount amount\">39,99&nbsp;<span class=\"woocommerce-Price-currencySymbol\">&euro;<\/span><\/span><\/ins><span class=\"screen-reader-text\">Current price is: 39,99&nbsp;&euro;.<\/span><\/div>\n\t\t\t\t\n\t\t\t\t<div class=\"wp-block-button wc-block-grid__product-add-to-cart\"><a href=\"\/fr\/wp-json\/wp\/v2\/pages\/28753?add-to-cart=32317\" aria-label=\"Add to cart: &ldquo;Pouf Marocain en Cuir Naturel \u2013 Fait Main \u00e0 Marrakech \u2013 Marron \u2013 D\u00e9coration Authentique&rdquo;\" data-quantity=\"1\" data-product_id=\"32317\" data-product_sku=\"\" data-price=\"39.99\" rel=\"nofollow\" class=\"wp-block-button__link  add_to_cart_button ajax_add_to_cart\">Add to cart<\/a><\/div>\n\t\t\t<\/li><li class=\"wc-block-grid__product\">\n\t\t\t\t<a href=\"https:\/\/medianhire.com\/fr\/produit\/caftan-marocain-dore-elegance-tradition\/\" class=\"wc-block-grid__product-link\">\n\t\t\t\t\t<div class=\"wc-block-grid__product-onsale\">\n\t\t\t<span aria-hidden=\"true\">Sale<\/span>\n\t\t\t<span class=\"screen-reader-text\">Product on sale<\/span>\n\t\t<\/div>\n\t\t\t\t\t<div class=\"wc-block-grid__product-image\"><img decoding=\"async\" width=\"300\" height=\"300\" src=\"https:\/\/medianhire.com\/wp-content\/uploads\/2025\/05\/Image-300x300.png\" class=\"attachment-woocommerce_thumbnail size-woocommerce_thumbnail\" alt=\"Caftan Marocain Dor\u00e9 \u2013 \u00c9l\u00e9gance &amp; Tradition\" srcset=\"https:\/\/medianhire.com\/wp-content\/uploads\/2025\/05\/Image-300x300.png 300w, https:\/\/medianhire.com\/wp-content\/uploads\/2025\/05\/Image-150x150.png 150w, https:\/\/medianhire.com\/wp-content\/uploads\/2025\/05\/Image-100x100.png 100w\" sizes=\"(max-width: 300px) 100vw, 300px\" \/><\/div>\n\t\t\t\t\t<div class=\"wc-block-grid__product-title\">Caftan Marocain Dor\u00e9 \u2013 \u00c9l\u00e9gance &amp; Tradition<\/div>\n\t\t\t\t<\/a>\n\t\t\t\t<div class=\"wc-block-grid__product-price price\"><del aria-hidden=\"true\"><span class=\"woocommerce-Price-amount amount\">150,00&nbsp;<span class=\"woocommerce-Price-currencySymbol\">&euro;<\/span><\/span><\/del> <span class=\"screen-reader-text\">Original price was: 150,00&nbsp;&euro;.<\/span><ins aria-hidden=\"true\"><span class=\"woocommerce-Price-amount amount\">99,00&nbsp;<span class=\"woocommerce-Price-currencySymbol\">&euro;<\/span><\/span><\/ins><span class=\"screen-reader-text\">Current price is: 99,00&nbsp;&euro;.<\/span><\/div>\n\t\t\t\t\n\t\t\t\t<div class=\"wp-block-button wc-block-grid__product-add-to-cart\"><a href=\"\/fr\/wp-json\/wp\/v2\/pages\/28753?add-to-cart=32307\" aria-label=\"Add to cart: &ldquo;Caftan Marocain Dor\u00e9 \u2013 \u00c9l\u00e9gance &amp; Tradition&rdquo;\" data-quantity=\"1\" data-product_id=\"32307\" data-product_sku=\"\" data-price=\"99\" rel=\"nofollow\" class=\"wp-block-button__link  add_to_cart_button ajax_add_to_cart\">Add to cart<\/a><\/div>\n\t\t\t<\/li><li class=\"wc-block-grid__product\">\n\t\t\t\t<a href=\"https:\/\/medianhire.com\/fr\/produit\/chaussures-modernes-marocaines-en-cuir\/\" class=\"wc-block-grid__product-link\">\n\t\t\t\t\t<div class=\"wc-block-grid__product-onsale\">\n\t\t\t<span aria-hidden=\"true\">Sale<\/span>\n\t\t\t<span class=\"screen-reader-text\">Product on sale<\/span>\n\t\t<\/div>\n\t\t\t\t\t<div class=\"wc-block-grid__product-image\"><img decoding=\"async\" width=\"300\" height=\"300\" src=\"https:\/\/medianhire.com\/wp-content\/uploads\/2025\/01\/DSC_0043-300x300.jpg\" class=\"attachment-woocommerce_thumbnail size-woocommerce_thumbnail\" alt=\"Chaussures Modernes Marocaines en Cuir\" srcset=\"https:\/\/medianhire.com\/wp-content\/uploads\/2025\/01\/DSC_0043-300x300.jpg 300w, https:\/\/medianhire.com\/wp-content\/uploads\/2025\/01\/DSC_0043-150x150.jpg 150w, https:\/\/medianhire.com\/wp-content\/uploads\/2025\/01\/DSC_0043-100x100.jpg 100w\" sizes=\"(max-width: 300px) 100vw, 300px\" \/><\/div>\n\t\t\t\t\t<div class=\"wc-block-grid__product-title\">Chaussures Modernes Marocaines en Cuir<\/div>\n\t\t\t\t<\/a>\n\t\t\t\t<div class=\"wc-block-grid__product-price price\"><span class=\"woocommerce-Price-amount amount\" aria-hidden=\"true\">29,99&nbsp;<span class=\"woocommerce-Price-currencySymbol\">&euro;<\/span><\/span> <span aria-hidden=\"true\">&ndash;<\/span> <span class=\"woocommerce-Price-amount amount\" aria-hidden=\"true\">35,00&nbsp;<span class=\"woocommerce-Price-currencySymbol\">&euro;<\/span><\/span><span class=\"screen-reader-text\">Price range: 29,99&nbsp;&euro; through 35,00&nbsp;&euro;<\/span><\/div>\n\t\t\t\t\n\t\t\t\t<div class=\"wp-block-button wc-block-grid__product-add-to-cart\"><a href=\"https:\/\/medianhire.com\/fr\/produit\/chaussures-modernes-marocaines-en-cuir\/\" aria-label=\"Select options for &ldquo;Chaussures Modernes Marocaines en Cuir&rdquo;\" data-quantity=\"1\" data-product_id=\"32216\" data-product_sku=\"\" data-price=\"29.99\" rel=\"nofollow\" class=\"wp-block-button__link  add_to_cart_button\">Select options<\/a><\/div>\n\t\t\t<\/li><li class=\"wc-block-grid__product\">\n\t\t\t\t<a href=\"https:\/\/medianhire.com\/fr\/produit\/pate-damlou-authentique-avec-amandes-miel-et-huile-dargan\/\" class=\"wc-block-grid__product-link\">\n\t\t\t\t\t<div class=\"wc-block-grid__product-onsale\">\n\t\t\t<span aria-hidden=\"true\">Sale<\/span>\n\t\t\t<span class=\"screen-reader-text\">Product on sale<\/span>\n\t\t<\/div>\n\t\t\t\t\t<div class=\"wc-block-grid__product-image\"><img loading=\"lazy\" decoding=\"async\" width=\"300\" height=\"300\" src=\"https:\/\/medianhire.com\/wp-content\/uploads\/2024\/11\/IMG_20241120_013003_049-300x300.jpg\" class=\"attachment-woocommerce_thumbnail size-woocommerce_thumbnail\" alt=\"P\u00e2te d&#039;Amlou Authentique avec Amandes, Miel et Huile d&#039;Argan\" srcset=\"https:\/\/medianhire.com\/wp-content\/uploads\/2024\/11\/IMG_20241120_013003_049-300x300.jpg 300w, https:\/\/medianhire.com\/wp-content\/uploads\/2024\/11\/IMG_20241120_013003_049-150x150.jpg 150w, https:\/\/medianhire.com\/wp-content\/uploads\/2024\/11\/IMG_20241120_013003_049-100x100.jpg 100w\" sizes=\"(max-width: 300px) 100vw, 300px\" \/><\/div>\n\t\t\t\t\t<div class=\"wc-block-grid__product-title\">P\u00e2te d&#8217;Amlou Authentique avec Amandes, Miel et Huile d&#8217;Argan<\/div>\n\t\t\t\t<\/a>\n\t\t\t\t<div class=\"wc-block-grid__product-price price\"><span class=\"woocommerce-Price-amount amount\" aria-hidden=\"true\">20,00&nbsp;<span class=\"woocommerce-Price-currencySymbol\">&euro;<\/span><\/span> <span aria-hidden=\"true\">&ndash;<\/span> <span class=\"woocommerce-Price-amount amount\" aria-hidden=\"true\">35,00&nbsp;<span class=\"woocommerce-Price-currencySymbol\">&euro;<\/span><\/span><span class=\"screen-reader-text\">Price range: 20,00&nbsp;&euro; through 35,00&nbsp;&euro;<\/span><\/div>\n\t\t\t\t\n\t\t\t\t<div class=\"wp-block-button wc-block-grid__product-add-to-cart\"><a href=\"https:\/\/medianhire.com\/fr\/produit\/pate-damlou-authentique-avec-amandes-miel-et-huile-dargan\/\" aria-label=\"Select options for &ldquo;P\u00e2te d&#039;Amlou Authentique avec Amandes, Miel et Huile d&#039;Argan&rdquo;\" data-quantity=\"1\" data-product_id=\"31942\" data-product_sku=\"\" data-price=\"20\" rel=\"nofollow\" class=\"wp-block-button__link  add_to_cart_button\">Select options<\/a><\/div>\n\t\t\t<\/li><\/ul><\/div><\/div>\r\n<\/div>\r\n","protected":false},"excerpt":{"rendered":"","protected":false},"author":1,"featured_media":0,"parent":0,"menu_order":0,"comment_status":"closed","ping_status":"closed","template":"","meta":{"iawp_total_views":82,"footnotes":""},"class_list":["post-28753","page","type-page","status-publish","hentry"],"_links":{"self":[{"href":"https:\/\/medianhire.com\/fr\/wp-json\/wp\/v2\/pages\/28753","targetHints":{"allow":["GET"]}}],"collection":[{"href":"https:\/\/medianhire.com\/fr\/wp-json\/wp\/v2\/pages"}],"about":[{"href":"https:\/\/medianhire.com\/fr\/wp-json\/wp\/v2\/types\/page"}],"author":[{"embeddable":true,"href":"https:\/\/medianhire.com\/fr\/wp-json\/wp\/v2\/users\/1"}],"replies":[{"embeddable":true,"href":"https:\/\/medianhire.com\/fr\/wp-json\/wp\/v2\/comments?post=28753"}],"version-history":[{"count":0,"href":"https:\/\/medianhire.com\/fr\/wp-json\/wp\/v2\/pages\/28753\/revisions"}],"wp:attachment":[{"href":"https:\/\/medianhire.com\/fr\/wp-json\/wp\/v2\/media?parent=28753"}],"curies":[{"name":"wp","href":"https:\/\/api.w.org\/{rel}","templated":true}]}}