{"id":28687,"date":"2024-05-16T10:07:45","date_gmt":"2024-05-16T10:07:45","guid":{"rendered":"http:\/\/medianhire.com\/politique-dexpedition-et-de-livraison\/"},"modified":"2024-05-18T15:27:22","modified_gmt":"2024-05-18T15:27:22","slug":"politique-dexpedition-et-de-livraison","status":"publish","type":"page","link":"https:\/\/medianhire.com\/fr\/juridique\/politique-dexpedition-et-de-livraison\/","title":{"rendered":"Politique d\u2019exp\u00e9dition et de livraison"},"content":{"rendered":"\t\t<div data-elementor-type=\"wp-page\" data-elementor-id=\"28687\" class=\"elementor elementor-28687 elementor-19881\">\n\t\t\t\t\t\t<section class=\"elementor-section elementor-top-section elementor-element elementor-element-43859f0 elementor-section-boxed elementor-section-height-default elementor-section-height-default motta-responsive-column motta-tablet-column--default motta-responsive-column motta-mobile-column--default\" data-id=\"43859f0\" data-element_type=\"section\" data-e-type=\"section\">\n\t\t\t\t\t\t<div class=\"elementor-container elementor-column-gap-default\">\n\t\t\t\t\t<div class=\"elementor-column elementor-col-100 elementor-top-column elementor-element elementor-element-cbd7385\" data-id=\"cbd7385\" data-element_type=\"column\" data-e-type=\"column\">\n\t\t\t<div class=\"elementor-widget-wrap elementor-element-populated\">\n\t\t\t\t\t\t<div class=\"elementor-element elementor-element-18976cb elementor-widget elementor-widget-motta-heading\" data-id=\"18976cb\" data-element_type=\"widget\" data-e-type=\"widget\" data-widget_type=\"motta-heading.default\">\n\t\t\t\t<div class=\"elementor-widget-container\">\n\t\t\t\t\t\t\t<div class=\"motta-heading-elementor motta-heading__button-on\">\n\t\t\t\t<h1 class=\"motta-heading motta-heading--default\">\n\t\t\t\t\tJuridique\t\t\t\t<\/h1>\n\t\t\t\t\t\t\t<\/div>\n\t\t\t\t\t\t<\/div>\n\t\t\t\t<\/div>\n\t\t\t\t\t<\/div>\n\t\t<\/div>\n\t\t\t\t\t<\/div>\n\t\t<\/section>\n\t\t\t\t<section class=\"elementor-section elementor-top-section elementor-element elementor-element-f61c5b2 elementor-section-boxed elementor-section-height-default elementor-section-height-default motta-responsive-column motta-tablet-column--default motta-responsive-column motta-mobile-column--default\" data-id=\"f61c5b2\" data-element_type=\"section\" data-e-type=\"section\">\n\t\t\t\t\t\t<div class=\"elementor-container elementor-column-gap-default\">\n\t\t\t\t\t<div class=\"elementor-column elementor-col-50 elementor-top-column elementor-element elementor-element-0567342\" data-id=\"0567342\" data-element_type=\"column\" data-e-type=\"column\">\n\t\t\t<div class=\"elementor-widget-wrap elementor-element-populated\">\n\t\t\t\t\t\t<div class=\"elementor-element elementor-element-d1c256c elementor-widget elementor-widget-motta-navigation-bar\" data-id=\"d1c256c\" data-element_type=\"widget\" data-e-type=\"widget\" data-widget_type=\"motta-navigation-bar.default\">\n\t\t\t\t<div class=\"elementor-widget-container\">\n\t\t\t\t\t<div class=\"motta-navigation-bar\"><div class=\"motta-navigation-bar__title motta-navigation-bar__title-item--9d3b048\"><a href=http:\/\/medianhire.com\/legal\/terms-of-use\/>Conditions d'utilisation<\/a> <\/div><div class=\"motta-navigation-bar__title motta-navigation-bar__title-item--a93a3a7\"><a href=http:\/\/medianhire.com\/legal\/privacy-policy\/>Politique de confidentialit\u00e9<\/a> <\/div><div class=\"motta-navigation-bar__title motta-navigation-bar__title-item--9b2a3c8 active\"><a href=http:\/\/medianhire.com\/legal\/shipping-delivery-policy\/>Politique d\u2019exp\u00e9dition et de livraison<\/a> <\/div><div class=\"motta-navigation-bar__title motta-navigation-bar__title-item--7ba8fe9\"><a href=http:\/\/medianhire.com\/legal\/return-and-refund-policy\/>Politique de retour et de remboursement<\/a> <\/div><div class=\"motta-navigation-bar__title motta-navigation-bar__title-item--a1ef51f\"><a href=http:\/\/medianhire.com\/legal\/general-conditions-of-selling-gcs\/>Conditions G\u00e9n\u00e9rales de Vente (CGV)<\/a> <\/div><div class=\"motta-navigation-bar__title motta-navigation-bar__title-item--c71b541\"><a href=http:\/\/medianhire.com\/legal\/cookie-policy\/>Politique en mati\u00e8re de cookies<\/a> <\/div><\/div>\t\t\t\t<\/div>\n\t\t\t\t<\/div>\n\t\t\t\t\t<\/div>\n\t\t<\/div>\n\t\t\t\t<div class=\"elementor-column elementor-col-50 elementor-top-column elementor-element elementor-element-b87ed43\" data-id=\"b87ed43\" data-element_type=\"column\" data-e-type=\"column\">\n\t\t\t<div class=\"elementor-widget-wrap elementor-element-populated\">\n\t\t\t\t\t\t<div class=\"elementor-element elementor-element-ea9ad3e elementor-widget elementor-widget-motta-heading\" data-id=\"ea9ad3e\" data-element_type=\"widget\" data-e-type=\"widget\" data-widget_type=\"motta-heading.default\">\n\t\t\t\t<div class=\"elementor-widget-container\">\n\t\t\t\t\t\t\t<div class=\"motta-heading-elementor motta-heading__button-on\">\n\t\t\t\t<h2 class=\"motta-heading motta-heading--default\">\n\t\t\t\t\tPolitique d\u2019exp\u00e9dition et de livraison\t\t\t\t<\/h2>\n\t\t\t\t\t\t\t<\/div>\n\t\t\t\t\t\t<\/div>\n\t\t\t\t<\/div>\n\t\t\t\t<div class=\"elementor-element elementor-element-6b65687 elementor-widget elementor-widget-motta-heading\" data-id=\"6b65687\" data-element_type=\"widget\" data-e-type=\"widget\" data-widget_type=\"motta-heading.default\">\n\t\t\t\t<div class=\"elementor-widget-container\">\n\t\t\t\t\t\t\t<div class=\"motta-heading-elementor motta-heading__button-on\">\n\t\t\t\t<h6 class=\"motta-heading motta-heading--default\">\n\t\t\t\t\tDerni\u00e8re r\u00e9vision :  May 16, 2024\t\t\t\t<\/h6>\n\t\t\t\t\t\t\t<\/div>\n\t\t\t\t\t\t<\/div>\n\t\t\t\t<\/div>\n\t\t\t\t<div class=\"elementor-element elementor-element-04ec4d0 elementor-widget-divider--view-line elementor-widget elementor-widget-divider\" data-id=\"04ec4d0\" data-element_type=\"widget\" data-e-type=\"widget\" data-widget_type=\"divider.default\">\n\t\t\t\t<div class=\"elementor-widget-container\">\n\t\t\t\t\t\t\t<div class=\"elementor-divider\">\n\t\t\t<span class=\"elementor-divider-separator\">\n\t\t\t\t\t\t<\/span>\n\t\t<\/div>\n\t\t\t\t\t\t<\/div>\n\t\t\t\t<\/div>\n\t\t\t\t<div class=\"elementor-element elementor-element-418d290 elementor-widget elementor-widget-text-editor\" data-id=\"418d290\" data-element_type=\"widget\" data-e-type=\"widget\" data-widget_type=\"text-editor.default\">\n\t\t\t\t<div class=\"elementor-widget-container\">\n\t\t\t\t\t\t\t\t\t<div style=\"font-family: 'Segoe UI', Tahoma, Geneva, Verdana, sans-serif; color: #333; max-width: 800px; margin: auto; padding: 20px;\">\n<p>Bienvenue dans <strong>la politique d\u2019exp\u00e9dition et de livraison de Hands of Morocco<\/strong> . Ce guide d\u00e9taill\u00e9 fait partie int\u00e9grante de nos conditions d\u2019utilisation et d\u00e9taille notre engagement \u00e0 assurer un processus d\u2019exp\u00e9dition et de livraison sans faille pour nos pr\u00e9cieux clients. Comprendre nos pratiques d\u2019exp\u00e9dition est essentiel avant d\u2019effectuer un achat, afin d\u2019assurer la clart\u00e9 et la satisfaction.<\/p>\n<h3 style=\"color: #1c867c;\">Vos options d\u2019exp\u00e9dition aux mains du Maroc<\/h3>\n<p>Chez <strong>Hands of Morocco<\/strong> , nous nous engageons \u00e0 assurer la livraison rapide et efficace de vos achats. Pour r\u00e9pondre \u00e0 divers besoins et pr\u00e9f\u00e9rences, nous proposons une gamme d\u2019options d\u2019exp\u00e9dition :<\/p>\n<h3 style=\"color: #1c867c;\">Livraison gratuite<\/h3>\n<p>Nous sommes ravis d\u2019offrir la livraison gratuite pour toutes les commandes sup\u00e9rieures \u00e0 150 \u20ac, dans le but d\u2019am\u00e9liorer votre exp\u00e9rience d\u2019achat avec nous.<\/p>\n<h3 style=\"color: #1c867c;\">Services d\u2019exp\u00e9dition acc\u00e9l\u00e9r\u00e9e<\/h3>\n<p>Pour ceux qui ont besoin de leurs articles plus t\u00f4t, nous proposons des options d\u2019exp\u00e9dition acc\u00e9l\u00e9r\u00e9e :<\/p>\n<ul>\n<li><strong>Standard:<\/strong> Anticipez la livraison dans les 10 jours.<\/li>\n<li><strong>Prime:<\/strong> Acc\u00e9l\u00e9rer la livraison dans les 3 jours.<\/li>\n<\/ul>\n<p>Apr\u00e8s avoir s\u00e9lectionn\u00e9 un service d\u2019exp\u00e9dition acc\u00e9l\u00e9r\u00e9e et finalis\u00e9 votre achat, nous vous fournirons des informations d\u2019exp\u00e9dition d\u00e9taill\u00e9es, y compris un num\u00e9ro de suivi pour suivre le parcours de votre commande.<\/p>\n<p>Veuillez noter que tous les d\u00e9lais de livraison fournis sont des estimations, susceptibles de varier en fonction de l\u2019emplacement et du prestataire logistique sp\u00e9cifique employ\u00e9. Notre choix de transporteurs comprend g\u00e9n\u00e9ralement des leaders de l\u2019industrie tels que UPS, FedEx ou DHL, garantissant fiabilit\u00e9 et tranquillit\u00e9 d\u2019esprit.<\/p>\n<h3 style=\"color: #1c867c;\">Exp\u00e9dition internationale<\/h3>\n<p>Nos services s\u2019\u00e9tendent \u00e0 l\u2019\u00e9chelle mondiale, permettant aux clients du monde entier de profiter de notre s\u00e9lection unique de produits. La collaboration avec des transporteurs internationaux r\u00e9put\u00e9s garantit que votre commande arrive en toute s\u00e9curit\u00e9 et efficacement. Sachez que les envois internationaux peuvent entra\u00eener des droits de douane et d\u2019importation, en fonction de la r\u00e9glementation du pays de destination.<\/p>\n<h3 style=\"color: #1c867c;\">Traitement des retards de commande<\/h3>\n<p>Nous reconnaissons l\u2019importance d\u2019une livraison rapide. N\u00e9anmoins, des retards impr\u00e9vus peuvent survenir en raison de retards douaniers ou de probl\u00e8mes de transporteur, ind\u00e9pendants de notre volont\u00e9 directe. Dans de tels cas, nous nous engageons \u00e0 vous tenir inform\u00e9 et \u00e0 nous efforcer de r\u00e9soudre le retard, en veillant \u00e0 ce que votre commande arrive rapidement. Votre compr\u00e9hension et votre patience dans ces cas sont grandement appr\u00e9ci\u00e9es.<\/p>\n<h3 style=\"color: #1c867c;\">Retours faciles<\/h3>\n<p>Votre satisfaction est notre priorit\u00e9. Si un aspect de votre achat ne r\u00e9pond pas \u00e0 vos attentes, nous avons \u00e9tabli un processus de retour simple pour votre commodit\u00e9. Pour plus de d\u00e9tails sur l\u2019initiation d\u2019un retour, veuillez vous r\u00e9f\u00e9rer \u00e0 notre <a style=\"color: #1c867c;\" href=\"https:\/\/aji-tfham.com\/refund_returns\/\">politique de retour<\/a>.<\/p>\n<h3 style=\"color: #1c867c;\">Contactez-nous<\/h3>\n<p>Si vous avez des questions ou si vous avez besoin d\u2019aide pour votre commande, notre \u00e9quipe du service client est disponible pour vous aider :<\/p>\n<blockquote>\n<p><strong>Mains du Maroc<\/strong><\/p>\n<p>Courriel : <a style=\"color: #1c867c;\" href=\"mailto:contact@medianhire.com\">contact@medianhire.com<\/a><br \/>T\u00e9l\u00e9phone : <a style=\"color: #1c867c;\" href=\"tel:+2120708881110\">(+212) 07-0888-1110 (MA) (WhatsApp)<\/a><br \/>Nous sommes disponibles du lundi au dimanche \/ de 9h00 \u00e0 20h00 (GMT+1).<\/p>\n<\/blockquote>\n<\/div>\n\t\t\t\t\t\t\t\t<\/div>\n\t\t\t\t<\/div>\n\t\t\t\t\t<\/div>\n\t\t<\/div>\n\t\t\t\t\t<\/div>\n\t\t<\/section>\n\t\t\t\t<\/div>\n\t\t","protected":false},"excerpt":{"rendered":"<p>Juridique Conditions d&#8217;utilisation Politique de confidentialit\u00e9 Politique d\u2019exp\u00e9dition et de livraison Politique de retour et de remboursement Conditions G\u00e9n\u00e9rales de Vente (CGV) Politique en mati\u00e8re de cookies Politique d\u2019exp\u00e9dition et de livraison Derni\u00e8re r\u00e9vision : Bienvenue dans la politique d\u2019exp\u00e9dition et de livraison de Hands of Morocco . Ce guide d\u00e9taill\u00e9 fait partie int\u00e9grante de [&hellip;]<\/p>\n","protected":false},"author":1,"featured_media":0,"parent":28728,"menu_order":0,"comment_status":"closed","ping_status":"closed","template":"","meta":{"iawp_total_views":3,"footnotes":""},"class_list":["post-28687","page","type-page","status-publish","hentry"],"_links":{"self":[{"href":"https:\/\/medianhire.com\/fr\/wp-json\/wp\/v2\/pages\/28687","targetHints":{"allow":["GET"]}}],"collection":[{"href":"https:\/\/medianhire.com\/fr\/wp-json\/wp\/v2\/pages"}],"about":[{"href":"https:\/\/medianhire.com\/fr\/wp-json\/wp\/v2\/types\/page"}],"author":[{"embeddable":true,"href":"https:\/\/medianhire.com\/fr\/wp-json\/wp\/v2\/users\/1"}],"replies":[{"embeddable":true,"href":"https:\/\/medianhire.com\/fr\/wp-json\/wp\/v2\/comments?post=28687"}],"version-history":[{"count":0,"href":"https:\/\/medianhire.com\/fr\/wp-json\/wp\/v2\/pages\/28687\/revisions"}],"up":[{"embeddable":true,"href":"https:\/\/medianhire.com\/fr\/wp-json\/wp\/v2\/pages\/28728"}],"wp:attachment":[{"href":"https:\/\/medianhire.com\/fr\/wp-json\/wp\/v2\/media?parent=28687"}],"curies":[{"name":"wp","href":"https:\/\/api.w.org\/{rel}","templated":true}]}}