{"id":28682,"date":"2022-07-11T09:37:49","date_gmt":"2022-07-11T09:37:49","guid":{"rendered":"http:\/\/medianhire.com\/ordre-de-passage\/"},"modified":"2024-08-27T20:14:17","modified_gmt":"2024-08-27T20:14:17","slug":"suivi-des-commandes","status":"publish","type":"page","link":"https:\/\/medianhire.com\/fr\/suivi-des-commandes\/","title":{"rendered":"Suivi des commandes"},"content":{"rendered":"\t\t<div data-elementor-type=\"wp-page\" data-elementor-id=\"28682\" class=\"elementor elementor-28682 elementor-8911\">\n\t\t\t\t<div class=\"elementor-element elementor-element-2b36c292 e-flex e-con-boxed e-con e-parent\" data-id=\"2b36c292\" data-element_type=\"container\" data-e-type=\"container\">\n\t\t\t\t\t<div class=\"e-con-inner\">\n\t\t<div class=\"elementor-element elementor-element-a6a7823 e-con-full e-flex e-con e-child\" data-id=\"a6a7823\" data-element_type=\"container\" data-e-type=\"container\">\n\t\t\t\t<div class=\"elementor-element elementor-element-faddbb1 elementor-widget elementor-widget-motta-heading\" data-id=\"faddbb1\" data-element_type=\"widget\" data-e-type=\"widget\" data-widget_type=\"motta-heading.default\">\n\t\t\t\t<div class=\"elementor-widget-container\">\n\t\t\t\t\t\t\t<div class=\"motta-heading-elementor motta-heading__button-on\">\n\t\t\t\t<p class=\"motta-heading motta-heading--default\">\n\t\t\t\t\tBienvenue sur notre page de suivi des exp\u00e9ditions. Ici, vous pouvez facilement suivre l'\u00e9tat de votre exp\u00e9dition en temps r\u00e9el. Cliquez simplement sur le bouton ci-dessous pour \u00eatre redirig\u00e9 vers le site de notre partenaire de suivi de confiance, o\u00f9 vous pourrez entrer votre num\u00e9ro de suivi et obtenir des informations \u00e0 jour sur votre livraison.\n\t\t\t\t<\/p>\n\t\t\t\t\t\t\t<\/div>\n\t\t\t\t\t\t<\/div>\n\t\t\t\t<\/div>\n\t\t\t\t<div class=\"elementor-element elementor-element-0479a6b elementor-widget elementor-widget-motta-button\" data-id=\"0479a6b\" data-element_type=\"widget\" data-e-type=\"widget\" data-widget_type=\"motta-button.default\">\n\t\t\t\t<div class=\"elementor-widget-container\">\n\t\t\t\t\t\t\t<a class=\"motta-button motta-button-primary  motta-button--base  motta-button--large  motta-shape--round\" href=\"https:\/\/www.trackmyshipment.co\" target=\"_blank\">\n\t\t\t\t\t\t\t\t\t\t\t\t<span class=\"motta-button__text\">Suivez votre exp\u00e9dition ici<\/span>\n\t\t\t\t\t\t<\/a>\n\t\t\t\t\t\t<\/div>\n\t\t\t\t<\/div>\n\t\t\t\t<\/div>\n\t\t\t\t\t<\/div>\n\t\t\t\t<\/div>\n\t\t\t\t<\/div>\n\t\t","protected":false},"excerpt":{"rendered":"<p>Bienvenue sur notre page de suivi des exp\u00e9ditions. Ici, vous pouvez facilement suivre l&#8217;\u00e9tat de votre exp\u00e9dition en temps r\u00e9el. Cliquez simplement sur le bouton ci-dessous pour \u00eatre redirig\u00e9 vers le site de notre partenaire de suivi de confiance, o\u00f9 vous pourrez entrer votre num\u00e9ro de suivi et obtenir des informations \u00e0 jour sur votre [&hellip;]<\/p>\n","protected":false},"author":1,"featured_media":0,"parent":0,"menu_order":0,"comment_status":"closed","ping_status":"closed","template":"","meta":{"iawp_total_views":2,"footnotes":""},"class_list":["post-28682","page","type-page","status-publish","hentry"],"_links":{"self":[{"href":"https:\/\/medianhire.com\/fr\/wp-json\/wp\/v2\/pages\/28682","targetHints":{"allow":["GET"]}}],"collection":[{"href":"https:\/\/medianhire.com\/fr\/wp-json\/wp\/v2\/pages"}],"about":[{"href":"https:\/\/medianhire.com\/fr\/wp-json\/wp\/v2\/types\/page"}],"author":[{"embeddable":true,"href":"https:\/\/medianhire.com\/fr\/wp-json\/wp\/v2\/users\/1"}],"replies":[{"embeddable":true,"href":"https:\/\/medianhire.com\/fr\/wp-json\/wp\/v2\/comments?post=28682"}],"version-history":[{"count":6,"href":"https:\/\/medianhire.com\/fr\/wp-json\/wp\/v2\/pages\/28682\/revisions"}],"predecessor-version":[{"id":30632,"href":"https:\/\/medianhire.com\/fr\/wp-json\/wp\/v2\/pages\/28682\/revisions\/30632"}],"wp:attachment":[{"href":"https:\/\/medianhire.com\/fr\/wp-json\/wp\/v2\/media?parent=28682"}],"curies":[{"name":"wp","href":"https:\/\/api.w.org\/{rel}","templated":true}]}}