{"id":28660,"date":"2022-04-13T03:25:32","date_gmt":"2022-04-13T03:25:32","guid":{"rendered":"http:\/\/medianhire.com\/a-propos\/"},"modified":"2024-05-20T14:30:31","modified_gmt":"2024-05-20T14:30:31","slug":"a-propos-de-nous","status":"publish","type":"page","link":"https:\/\/medianhire.com\/fr\/a-propos-de-nous\/","title":{"rendered":"A Propos de Nous"},"content":{"rendered":"\t\t<div data-elementor-type=\"wp-page\" data-elementor-id=\"28660\" class=\"elementor elementor-28660 elementor-114\">\n\t\t\t\t\t\t<section class=\"elementor-section elementor-top-section elementor-element elementor-element-381f88d elementor-section-boxed elementor-section-height-default elementor-section-height-default motta-responsive-column motta-tablet-column--default motta-responsive-column motta-mobile-column--default\" data-id=\"381f88d\" data-element_type=\"section\" data-e-type=\"section\">\n\t\t\t\t\t\t<div class=\"elementor-container elementor-column-gap-default\">\n\t\t\t\t\t<div class=\"elementor-column elementor-col-100 elementor-top-column elementor-element elementor-element-32ac50e\" data-id=\"32ac50e\" data-element_type=\"column\" data-e-type=\"column\">\n\t\t\t<div class=\"elementor-widget-wrap elementor-element-populated\">\n\t\t\t\t\t\t<div class=\"elementor-element elementor-element-2af89ec mb-4 elementor-widget elementor-widget-heading\" data-id=\"2af89ec\" data-element_type=\"widget\" data-e-type=\"widget\" data-widget_type=\"heading.default\">\n\t\t\t\t<div class=\"elementor-widget-container\">\n\t\t\t\t\t<h5 class=\"elementor-heading-title elementor-size-default\">\u00c0 PROPOS  <br>MAINS DU MAROC<\/h5>\t\t\t\t<\/div>\n\t\t\t\t<\/div>\n\t\t\t\t<div class=\"elementor-element elementor-element-a0f69a7 ml-auto mr-auto max-565 elementor-widget__width-auto elementor-widget elementor-widget-heading\" data-id=\"a0f69a7\" data-element_type=\"widget\" data-e-type=\"widget\" data-widget_type=\"heading.default\">\n\t\t\t\t<div class=\"elementor-widget-container\">\n\t\t\t\t\t<p class=\"elementor-heading-title elementor-size-default\"><p>Bienvenue \u00e0 <strong>Hands of Morocco<\/strong>, un march\u00e9 dynamique qui c\u00e9l\u00e8bre l'esprit unique et cr\u00e9atif des artisans marocains. Notre plateforme est un univers de produits extraordinaires, allant de chefs-d'\u0153uvre artisanaux \u00e0 des tr\u00e9sors vintage, tous fabriqu\u00e9s avec passion et une attention m\u00e9ticuleuse aux d\u00e9tails. D\u00e9couvrez le c\u0153ur du Maroc \u00e0 travers notre collection vari\u00e9e, o\u00f9 chaque pi\u00e8ce raconte une histoire de tradition, d'artisanat et d'amour.<\/p>\n<\/p>\t\t\t\t<\/div>\n\t\t\t\t<\/div>\n\t\t\t\t<div class=\"elementor-element elementor-element-957b7d3 elementor-widget elementor-widget-image\" data-id=\"957b7d3\" data-element_type=\"widget\" data-e-type=\"widget\" data-widget_type=\"image.default\">\n\t\t\t\t<div class=\"elementor-widget-container\">\n\t\t\t\t\t\t\t\t\t\t\t\t\t\t\t<img fetchpriority=\"high\" decoding=\"async\" width=\"1024\" height=\"388\" src=\"https:\/\/medianhire.com\/wp-content\/uploads\/2024\/05\/about-us-HOM1-scaled-1.webp\" class=\"attachment-full size-full wp-image-28472\" alt=\"\" srcset=\"https:\/\/medianhire.com\/wp-content\/uploads\/2024\/05\/about-us-HOM1-scaled-1.webp 1024w, https:\/\/medianhire.com\/wp-content\/uploads\/2024\/05\/about-us-HOM1-scaled-1-300x114.webp 300w, https:\/\/medianhire.com\/wp-content\/uploads\/2024\/05\/about-us-HOM1-scaled-1-768x291.webp 768w, https:\/\/medianhire.com\/wp-content\/uploads\/2024\/05\/about-us-HOM1-scaled-1-600x227.webp 600w\" sizes=\"(max-width: 1024px) 100vw, 1024px\" \/>\t\t\t\t\t\t\t\t\t\t\t\t\t\t\t<\/div>\n\t\t\t\t<\/div>\n\t\t\t\t\t<\/div>\n\t\t<\/div>\n\t\t\t\t\t<\/div>\n\t\t<\/section>\n\t\t\t\t<section class=\"elementor-section elementor-top-section elementor-element elementor-element-89dcb9a accordion-section elementor-section-boxed elementor-section-height-default elementor-section-height-default motta-responsive-column motta-tablet-column--default motta-responsive-column motta-mobile-column--default\" data-id=\"89dcb9a\" data-element_type=\"section\" data-e-type=\"section\">\n\t\t\t\t\t\t<div class=\"elementor-container elementor-column-gap-default\">\n\t\t\t\t\t<div class=\"elementor-column elementor-col-50 elementor-top-column elementor-element elementor-element-474e020\" data-id=\"474e020\" data-element_type=\"column\" data-e-type=\"column\">\n\t\t\t<div class=\"elementor-widget-wrap elementor-element-populated\">\n\t\t\t\t\t\t<div class=\"elementor-element elementor-element-c90192b mb-4 elementor-widget elementor-widget-heading\" data-id=\"c90192b\" data-element_type=\"widget\" data-e-type=\"widget\" data-widget_type=\"heading.default\">\n\t\t\t\t<div class=\"elementor-widget-container\">\n\t\t\t\t\t<h5 class=\"elementor-heading-title elementor-size-default\">Renforcer l'autonomie des artisans : <\/br>L'histoire des mains du Maroc<\/h5>\t\t\t\t<\/div>\n\t\t\t\t<\/div>\n\t\t\t\t<div class=\"elementor-element elementor-element-bf3a042 elementor-widget elementor-widget-motta-accordion\" data-id=\"bf3a042\" data-element_type=\"widget\" data-e-type=\"widget\" data-widget_type=\"motta-accordion.default\">\n\t\t\t\t<div class=\"elementor-widget-container\">\n\t\t\t\t\t\t\t<div class=\"motta-accordion\" role=\"tablist\">\n\t\t\t\t\t\t\t<div class=\"motta-accordion__item\">\n\t\t\t\t\t<div id=\"motta-tab-title-2001\" class=\"motta-accordion__title\" data-tab=\"1\" role=\"tab\" aria-controls=\"motta-tab-content-2001\">\n\t\t\t\t\t\t\t\t\t\t\t\t\t<span class=\"motta-accordion__icon motta-accordion__icon--default\" aria-hidden=\"true\"><\/span>\n\t\t\t\t\t\t\t\t\t\t\t\t<a class=\"motta-accordion__title-text\" href=\"#motta-tab-content-2001\">NOTRE ESSENCE<\/a>\n\t\t\t\t\t<\/div>\n\t\t\t\t\t<div id=\"motta-tab-content-2001\" class=\"motta-accordion__content clearfix\" data-tab=\"1\" role=\"tabpanel\" aria-labelledby=\"motta-tab-title-2001\"><p>N\u00e9e d&#8217;un profond respect pour les liens humains et l&#8217;artisanat traditionnel, <strong>Hands of Morocco<\/strong> est devenue une communaut\u00e9 florissante d&#8217;artisans, de designers et de cr\u00e9ateurs. Nous d\u00e9fendons la cr\u00e9ativit\u00e9 en tant que pierre angulaire du commerce dans un monde automatis\u00e9, en associant la tradition \u00e0 l&#8217;innovation pour enrichir notre march\u00e9 mondial.<\/p>\n    <\/div>\n\t\t\t\t<\/div>\n\t\t\t\t\t\t\t<div class=\"motta-accordion__item\">\n\t\t\t\t\t<div id=\"motta-tab-title-2002\" class=\"motta-accordion__title\" data-tab=\"2\" role=\"tab\" aria-controls=\"motta-tab-content-2002\">\n\t\t\t\t\t\t\t\t\t\t\t\t\t<span class=\"motta-accordion__icon motta-accordion__icon--default\" aria-hidden=\"true\"><\/span>\n\t\t\t\t\t\t\t\t\t\t\t\t<a class=\"motta-accordion__title-text\" href=\"#motta-tab-content-2002\">NOTRE MISSION<\/a>\n\t\t\t\t\t<\/div>\n\t\t\t\t\t<div id=\"motta-tab-content-2002\" class=\"motta-accordion__content clearfix\" data-tab=\"2\" role=\"tabpanel\" aria-labelledby=\"motta-tab-title-2002\">Au c\u0153ur de <strong>Hands of Morocco<\/strong> se trouve l&#8217;engagement de cr\u00e9er un avenir meilleur. Notre objectif est de mettre les artisans en contact avec un public mondial, en leur garantissant des salaires \u00e9quitables et une vie de qualit\u00e9. Gr\u00e2ce \u00e0 notre plateforme, nous plaidons en faveur de la durabilit\u00e9 et de la responsabilit\u00e9 sociale, en nous effor\u00e7ant d&#8217;\u00e9tendre notre impact au-del\u00e0 de notre port\u00e9e imm\u00e9diate. Nous imaginons un monde o\u00f9 le commerce favorise la communaut\u00e9, la durabilit\u00e9 et le respect mutuel.<\/div>\n\t\t\t\t<\/div>\n\t\t\t\t\t\t\t<div class=\"motta-accordion__item\">\n\t\t\t\t\t<div id=\"motta-tab-title-2003\" class=\"motta-accordion__title\" data-tab=\"3\" role=\"tab\" aria-controls=\"motta-tab-content-2003\">\n\t\t\t\t\t\t\t\t\t\t\t\t\t<span class=\"motta-accordion__icon motta-accordion__icon--default\" aria-hidden=\"true\"><\/span>\n\t\t\t\t\t\t\t\t\t\t\t\t<a class=\"motta-accordion__title-text\" href=\"#motta-tab-content-2003\">NOTRE COMMUNAUT\u00c9<\/a>\n\t\t\t\t\t<\/div>\n\t\t\t\t\t<div id=\"motta-tab-content-2003\" class=\"motta-accordion__content clearfix\" data-tab=\"3\" role=\"tabpanel\" aria-labelledby=\"motta-tab-title-2003\">Nous sommes fiers de cultiver un r\u00e9seau diversifi\u00e9 d&#8217;artistes, de cr\u00e9ateurs et de coop\u00e9ratives, qui d\u00e9fendent l&#8217;\u00e9conomie solidaire. Notre march\u00e9 est plus qu&#8217;une plateforme ; c&#8217;est un t\u00e9moignage de la force de la collaboration et du soutien mutuel, promouvant un monde inclusif et interconnect\u00e9.<\/div>\n\t\t\t\t<\/div>\n\t\t\t\t\t\t\t<div class=\"motta-accordion__item\">\n\t\t\t\t\t<div id=\"motta-tab-title-2004\" class=\"motta-accordion__title\" data-tab=\"4\" role=\"tab\" aria-controls=\"motta-tab-content-2004\">\n\t\t\t\t\t\t\t\t\t\t\t\t\t<span class=\"motta-accordion__icon motta-accordion__icon--default\" aria-hidden=\"true\"><\/span>\n\t\t\t\t\t\t\t\t\t\t\t\t<a class=\"motta-accordion__title-text\" href=\"#motta-tab-content-2004\">NOTRE PROMESSE<\/a>\n\t\t\t\t\t<\/div>\n\t\t\t\t\t<div id=\"motta-tab-content-2004\" class=\"motta-accordion__content clearfix\" data-tab=\"4\" role=\"tabpanel\" aria-labelledby=\"motta-tab-title-2004\">Soucieux d&#8217;offrir une gamme de produits faits main qui r\u00e9pondent \u00e0 vos besoins et inspirent vos sens, nous sommes constamment \u00e0 la recherche de nouvelles tendances et \u00e0 l&#8217;\u00e9coute des commentaires de nos clients. Votre satisfaction est notre priorit\u00e9 absolue, et nous veillons \u00e0 ce que chaque exp\u00e9rience avec <strong>Hands of Morocco<\/strong> soit un souvenir inoubliable.<\/div>\n\t\t\t\t<\/div>\n\t\t\t\t\t<\/div>\n\t\t\t\t\t\t<\/div>\n\t\t\t\t<\/div>\n\t\t\t\t\t<\/div>\n\t\t<\/div>\n\t\t\t\t<div class=\"elementor-column elementor-col-50 elementor-top-column elementor-element elementor-element-9c07730\" data-id=\"9c07730\" data-element_type=\"column\" data-e-type=\"column\">\n\t\t\t<div class=\"elementor-widget-wrap elementor-element-populated\">\n\t\t\t\t\t\t<div class=\"elementor-element elementor-element-75df090 elementor-widget elementor-widget-image\" data-id=\"75df090\" data-element_type=\"widget\" data-e-type=\"widget\" data-widget_type=\"image.default\">\n\t\t\t\t<div class=\"elementor-widget-container\">\n\t\t\t\t\t\t\t\t\t\t\t\t\t\t\t<img decoding=\"async\" width=\"836\" height=\"836\" src=\"https:\/\/medianhire.com\/wp-content\/uploads\/2024\/05\/OUr-story.webp\" class=\"attachment-full size-full wp-image-28487\" alt=\"\" srcset=\"https:\/\/medianhire.com\/wp-content\/uploads\/2024\/05\/OUr-story.webp 836w, https:\/\/medianhire.com\/wp-content\/uploads\/2024\/05\/OUr-story-300x300.webp 300w, https:\/\/medianhire.com\/wp-content\/uploads\/2024\/05\/OUr-story-150x150.webp 150w, https:\/\/medianhire.com\/wp-content\/uploads\/2024\/05\/OUr-story-768x768.webp 768w, https:\/\/medianhire.com\/wp-content\/uploads\/2024\/05\/OUr-story-600x600.webp 600w, https:\/\/medianhire.com\/wp-content\/uploads\/2024\/05\/OUr-story-100x100.webp 100w\" sizes=\"(max-width: 836px) 100vw, 836px\" \/>\t\t\t\t\t\t\t\t\t\t\t\t\t\t\t<\/div>\n\t\t\t\t<\/div>\n\t\t\t\t\t<\/div>\n\t\t<\/div>\n\t\t\t\t\t<\/div>\n\t\t<\/section>\n\t\t\t\t<div class=\"elementor-section elementor-top-section elementor-element elementor-element-8774d39 elementor-section-boxed elementor-section-height-default elementor-section-height-default motta-responsive-column motta-tablet-column--default motta-responsive-column motta-mobile-column--default\" data-id=\"8774d39\" data-element_type=\"section\" data-e-type=\"section\">\n\t\t\t\t\t\t<div class=\"elementor-container elementor-column-gap-no\">\n\t\t\t\t\t<div class=\"elementor-column elementor-col-33 elementor-top-column elementor-element elementor-element-0b0c06f\" data-id=\"0b0c06f\" data-element_type=\"column\" data-e-type=\"column\">\n\t\t\t<div class=\"elementor-widget-wrap elementor-element-populated\">\n\t\t\t\t\t\t<div class=\"elementor-element elementor-element-532437b elementor-widget elementor-widget-counter\" data-id=\"532437b\" data-element_type=\"widget\" data-e-type=\"widget\" data-widget_type=\"counter.default\">\n\t\t\t\t<div class=\"elementor-widget-container\">\n\t\t\t\t\t\t\t<div class=\"elementor-counter\">\n\t\t\t<div class=\"elementor-counter-title\">Produits uniques<\/div>\t\t\t<div class=\"elementor-counter-number-wrapper\">\n\t\t\t\t<span class=\"elementor-counter-number-prefix\"><\/span>\n\t\t\t\t<span class=\"elementor-counter-number\" data-duration=\"1000\" data-to-value=\"148\" data-from-value=\"0\" data-delimiter=\",\">0<\/span>\n\t\t\t\t<span class=\"elementor-counter-number-suffix\">+<\/span>\n\t\t\t<\/div>\n\t\t<\/div>\n\t\t\t\t\t\t<\/div>\n\t\t\t\t<\/div>\n\t\t\t\t<div class=\"elementor-element elementor-element-623bfc7 elementor-widget elementor-widget-heading\" data-id=\"623bfc7\" data-element_type=\"widget\" data-e-type=\"widget\" data-widget_type=\"heading.default\">\n\t\t\t\t<div class=\"elementor-widget-container\">\n\t\t\t\t\t<p class=\"elementor-heading-title elementor-size-default\"> <\/p>\t\t\t\t<\/div>\n\t\t\t\t<\/div>\n\t\t\t\t\t<\/div>\n\t\t<\/div>\n\t\t\t\t<div class=\"elementor-column elementor-col-33 elementor-top-column elementor-element elementor-element-0e99fe7\" data-id=\"0e99fe7\" data-element_type=\"column\" data-e-type=\"column\">\n\t\t\t<div class=\"elementor-widget-wrap elementor-element-populated\">\n\t\t\t\t\t\t<div class=\"elementor-element elementor-element-986291e elementor-widget elementor-widget-counter\" data-id=\"986291e\" data-element_type=\"widget\" data-e-type=\"widget\" data-widget_type=\"counter.default\">\n\t\t\t\t<div class=\"elementor-widget-container\">\n\t\t\t\t\t\t\t<div class=\"elementor-counter\">\n\t\t\t<div class=\"elementor-counter-title\">Female Artisans<\/div>\t\t\t<div class=\"elementor-counter-number-wrapper\">\n\t\t\t\t<span class=\"elementor-counter-number-prefix\">%<\/span>\n\t\t\t\t<span class=\"elementor-counter-number\" data-duration=\"2000\" data-to-value=\"50\" data-from-value=\"0\" data-delimiter=\",\">0<\/span>\n\t\t\t\t<span class=\"elementor-counter-number-suffix\"><\/span>\n\t\t\t<\/div>\n\t\t<\/div>\n\t\t\t\t\t\t<\/div>\n\t\t\t\t<\/div>\n\t\t\t\t<div class=\"elementor-element elementor-element-076b0d2 elementor-widget elementor-widget-heading\" data-id=\"076b0d2\" data-element_type=\"widget\" data-e-type=\"widget\" data-widget_type=\"heading.default\">\n\t\t\t\t<div class=\"elementor-widget-container\">\n\t\t\t\t\t<p class=\"elementor-heading-title elementor-size-default\"> <\/p>\t\t\t\t<\/div>\n\t\t\t\t<\/div>\n\t\t\t\t\t<\/div>\n\t\t<\/div>\n\t\t\t\t<div class=\"elementor-column elementor-col-33 elementor-top-column elementor-element elementor-element-37a5ed5\" data-id=\"37a5ed5\" data-element_type=\"column\" data-e-type=\"column\">\n\t\t\t<div class=\"elementor-widget-wrap elementor-element-populated\">\n\t\t\t\t\t\t<div class=\"elementor-element elementor-element-0c70147 elementor-widget elementor-widget-counter\" data-id=\"0c70147\" data-element_type=\"widget\" data-e-type=\"widget\" data-widget_type=\"counter.default\">\n\t\t\t\t<div class=\"elementor-widget-container\">\n\t\t\t\t\t\t\t<div class=\"elementor-counter\">\n\t\t\t<div class=\"elementor-counter-title\">Satisfied Customers<\/div>\t\t\t<div class=\"elementor-counter-number-wrapper\">\n\t\t\t\t<span class=\"elementor-counter-number-prefix\"><\/span>\n\t\t\t\t<span class=\"elementor-counter-number\" data-duration=\"2000\" data-to-value=\"639\" data-from-value=\"0\" data-delimiter=\",\">0<\/span>\n\t\t\t\t<span class=\"elementor-counter-number-suffix\">+<\/span>\n\t\t\t<\/div>\n\t\t<\/div>\n\t\t\t\t\t\t<\/div>\n\t\t\t\t<\/div>\n\t\t\t\t<div class=\"elementor-element elementor-element-1a72844 elementor-widget elementor-widget-heading\" data-id=\"1a72844\" data-element_type=\"widget\" data-e-type=\"widget\" data-widget_type=\"heading.default\">\n\t\t\t\t<div class=\"elementor-widget-container\">\n\t\t\t\t\t<p class=\"elementor-heading-title elementor-size-default\"> <\/p>\t\t\t\t<\/div>\n\t\t\t\t<\/div>\n\t\t\t\t\t<\/div>\n\t\t<\/div>\n\t\t\t\t\t<\/div>\n\t\t<\/div>\n\t\t\t\t<section class=\"elementor-section elementor-top-section elementor-element elementor-element-b92d031 accordion-section elementor-section-boxed elementor-section-height-default elementor-section-height-default motta-responsive-column motta-tablet-column--default motta-responsive-column motta-mobile-column--default\" data-id=\"b92d031\" data-element_type=\"section\" data-e-type=\"section\">\n\t\t\t\t\t\t<div class=\"elementor-container elementor-column-gap-default\">\n\t\t\t\t\t<div class=\"elementor-column elementor-col-50 elementor-top-column elementor-element elementor-element-14933aa\" data-id=\"14933aa\" data-element_type=\"column\" data-e-type=\"column\">\n\t\t\t<div class=\"elementor-widget-wrap elementor-element-populated\">\n\t\t\t\t\t\t<div class=\"elementor-element elementor-element-b42749d elementor-widget elementor-widget-image\" data-id=\"b42749d\" data-element_type=\"widget\" data-e-type=\"widget\" data-widget_type=\"image.default\">\n\t\t\t\t<div class=\"elementor-widget-container\">\n\t\t\t\t\t\t\t\t\t\t\t\t\t\t\t<img decoding=\"async\" width=\"1024\" height=\"1024\" src=\"https:\/\/medianhire.com\/wp-content\/uploads\/2024\/05\/EMPOWERING-WOMEN.webp\" class=\"attachment-full size-full wp-image-28478\" alt=\"\" srcset=\"https:\/\/medianhire.com\/wp-content\/uploads\/2024\/05\/EMPOWERING-WOMEN.webp 1024w, https:\/\/medianhire.com\/wp-content\/uploads\/2024\/05\/EMPOWERING-WOMEN-300x300.webp 300w, https:\/\/medianhire.com\/wp-content\/uploads\/2024\/05\/EMPOWERING-WOMEN-150x150.webp 150w, https:\/\/medianhire.com\/wp-content\/uploads\/2024\/05\/EMPOWERING-WOMEN-768x768.webp 768w, https:\/\/medianhire.com\/wp-content\/uploads\/2024\/05\/EMPOWERING-WOMEN-600x600.webp 600w, https:\/\/medianhire.com\/wp-content\/uploads\/2024\/05\/EMPOWERING-WOMEN-100x100.webp 100w\" sizes=\"(max-width: 1024px) 100vw, 1024px\" \/>\t\t\t\t\t\t\t\t\t\t\t\t\t\t\t<\/div>\n\t\t\t\t<\/div>\n\t\t\t\t\t<\/div>\n\t\t<\/div>\n\t\t\t\t<div class=\"elementor-column elementor-col-50 elementor-top-column elementor-element elementor-element-4f97948\" data-id=\"4f97948\" data-element_type=\"column\" data-e-type=\"column\">\n\t\t\t<div class=\"elementor-widget-wrap elementor-element-populated\">\n\t\t\t\t\t\t<div class=\"elementor-element elementor-element-0c7c45f mb-4 elementor-widget elementor-widget-heading\" data-id=\"0c7c45f\" data-element_type=\"widget\" data-e-type=\"widget\" data-widget_type=\"heading.default\">\n\t\t\t\t<div class=\"elementor-widget-container\">\n\t\t\t\t\t<h5 class=\"elementor-heading-title elementor-size-default\">L'AUTONOMISATION DES FEMMES<\/h5>\t\t\t\t<\/div>\n\t\t\t\t<\/div>\n\t\t\t\t<div class=\"elementor-element elementor-element-0432ad8 elementor-widget elementor-widget-text-editor\" data-id=\"0432ad8\" data-element_type=\"widget\" data-e-type=\"widget\" data-widget_type=\"text-editor.default\">\n\t\t\t\t<div class=\"elementor-widget-container\">\n\t\t\t\t\t\t\t\t\t<p>Chez <strong>Hands of Morocco<\/strong>, notre essence est profond\u00e9ment enracin\u00e9e dans la riche tapisserie de l&#8217;h\u00e9ritage marocain, o\u00f9 les femmes jouent un r\u00f4le essentiel. Nous sommes plus qu&#8217;un simple march\u00e9, nous sommes une c\u00e9l\u00e9bration de la tradition, du savoir-faire et de l&#8217;esprit des artisanes marocaines. Notre engagement est double :<\/p>\n    <ul>\n        <li><strong>L&#8217;autonomisation par l&#8217;artisanat :<\/strong> Nous mettons en lumi\u00e8re le travail exquis des femmes artisans, du tissage complexe des tapis \u00e0 la production m\u00e9ticuleuse de l&#8217;huile d&#8217;argan. Cet artisanat est non seulement un t\u00e9moignage de leur savoir-faire, mais aussi un moyen de stabilit\u00e9 \u00e9conomique.<\/li>\n        <li><strong>Pr\u00e9servation culturelle et changement social :<\/strong> En honorant leurs traditions culturelles, nous contribuons \u00e0 la pr\u00e9servation du patrimoine marocain tout en soutenant les aspirations des femmes au changement social.<\/li>\n    <\/ul>\n    <p>Lors de chaque achat, vous ne vous contentez pas d&#8217;acqu\u00e9rir une pi\u00e8ce du Maroc, vous soutenez un mouvement. Un mouvement qui valorise les mains derri\u00e8re l&#8217;artisanat, en permettant aux femmes d&#8217;atteindre l&#8217;ind\u00e9pendance \u00e9conomique et de devenir des agents de changement dans leurs communaut\u00e9s. Rejoignez-nous \u00e0 <strong>Hands of Morocco<\/strong> pour c\u00e9l\u00e9brer et soutenir cette belle synergie de tradition, d&#8217;artisanat et d&#8217;autonomisation.<\/p>\n\t\t\t\t\t\t\t\t<\/div>\n\t\t\t\t<\/div>\n\t\t\t\t\t<\/div>\n\t\t<\/div>\n\t\t\t\t\t<\/div>\n\t\t<\/section>\n\t\t<div class=\"elementor-element elementor-element-b8ab055 e-flex e-con-boxed e-con e-parent\" data-id=\"b8ab055\" data-element_type=\"container\" data-e-type=\"container\">\n\t\t\t\t\t<div class=\"e-con-inner\">\n\t\t\t\t<div class=\"elementor-element elementor-element-558d52b elementor-widget elementor-widget-image\" data-id=\"558d52b\" data-element_type=\"widget\" data-e-type=\"widget\" data-widget_type=\"image.default\">\n\t\t\t\t<div class=\"elementor-widget-container\">\n\t\t\t\t\t\t\t\t\t\t\t\t\t\t\t<img loading=\"lazy\" decoding=\"async\" width=\"300\" height=\"178\" src=\"https:\/\/medianhire.com\/wp-content\/uploads\/2024\/05\/artisanat-du-maroc.webp\" class=\"attachment-large size-large wp-image-28475\" alt=\"\" \/>\t\t\t\t\t\t\t\t\t\t\t\t\t\t\t<\/div>\n\t\t\t\t<\/div>\n\t\t\t\t\t<\/div>\n\t\t\t\t<\/div>\n\t\t\t\t<\/div>\n\t\t","protected":false},"excerpt":{"rendered":"<p>\u00c0 PROPOS MAINS DU MAROC Bienvenue \u00e0 Hands of Morocco, un march\u00e9 dynamique qui c\u00e9l\u00e8bre l&#8217;esprit unique et cr\u00e9atif des artisans marocains. Notre plateforme est un univers de produits extraordinaires, allant de chefs-d&#8217;\u0153uvre artisanaux \u00e0 des tr\u00e9sors vintage, tous fabriqu\u00e9s avec passion et une attention m\u00e9ticuleuse aux d\u00e9tails. D\u00e9couvrez le c\u0153ur du Maroc \u00e0 travers [&hellip;]<\/p>\n","protected":false},"author":1,"featured_media":0,"parent":0,"menu_order":0,"comment_status":"closed","ping_status":"closed","template":"","meta":{"iawp_total_views":10,"footnotes":""},"class_list":["post-28660","page","type-page","status-publish","hentry"],"_links":{"self":[{"href":"https:\/\/medianhire.com\/fr\/wp-json\/wp\/v2\/pages\/28660","targetHints":{"allow":["GET"]}}],"collection":[{"href":"https:\/\/medianhire.com\/fr\/wp-json\/wp\/v2\/pages"}],"about":[{"href":"https:\/\/medianhire.com\/fr\/wp-json\/wp\/v2\/types\/page"}],"author":[{"embeddable":true,"href":"https:\/\/medianhire.com\/fr\/wp-json\/wp\/v2\/users\/1"}],"replies":[{"embeddable":true,"href":"https:\/\/medianhire.com\/fr\/wp-json\/wp\/v2\/comments?post=28660"}],"version-history":[{"count":0,"href":"https:\/\/medianhire.com\/fr\/wp-json\/wp\/v2\/pages\/28660\/revisions"}],"wp:attachment":[{"href":"https:\/\/medianhire.com\/fr\/wp-json\/wp\/v2\/media?parent=28660"}],"curies":[{"name":"wp","href":"https:\/\/api.w.org\/{rel}","templated":true}]}}